{"id":13,"date":"2014-05-22T14:45:56","date_gmt":"2014-05-22T12:45:56","guid":{"rendered":"http:\/\/halor.art.pl\/?page_id=13"},"modified":"2015-02-17T15:12:03","modified_gmt":"2015-02-17T14:12:03","slug":"strona-druga","status":"publish","type":"page","link":"https:\/\/halor.pl\/?page_id=13","title":{"rendered":"Zbli\u017cenie filmowe"},"content":{"rendered":"<p><span style=\"color: #333333;\">Film dokumentalny o Antonim Halorze emitowany w ramach cyklu &#8222;Zbli\u017cenia filmowe&#8221; TVP Katowice. Realizacja: Dagmara Drzazga, 2007.\u00a0<\/span><span style=\"color: #333333;\">Dokument nawi\u0105zuje do zrealizowanego w 1989 r. filmu &#8222;Ulica, o kt\u00f3rej troch\u0119 wiem&#8221;, kt\u00f3ry jest swoist\u0105 autobiografi\u0105 tw\u00f3rcy.<\/span><\/p>\n<p><iframe loading=\"lazy\" src=\"\/\/www.youtube.com\/embed\/9JdWhnBZFN0?rel=0\" width=\"420\" height=\"315\" frameborder=\"0\" allowfullscreen=\"allowfullscreen\"><\/iframe><\/p>\n","protected":false},"excerpt":{"rendered":"<p>Film dokumentalny o Antonim Halorze emitowany w ramach cyklu &#8222;Zbli\u017cenia filmowe&#8221; TVP Katowice. Realizacja: Dagmara Drzazga, 2007.\u00a0Dokument nawi\u0105zuje do zrealizowanego w 1989 r. filmu &#8222;Ulica, o kt\u00f3rej troch\u0119 wiem&#8221;, kt\u00f3ry jest swoist\u0105 autobiografi\u0105 tw\u00f3rcy.<\/p>\n","protected":false},"author":1,"featured_media":0,"parent":223,"menu_order":0,"comment_status":"closed","ping_status":"open","template":"","meta":{"ngg_post_thumbnail":0,"footnotes":""},"class_list":["post-13","page","type-page","status-publish","hentry"],"_links":{"self":[{"href":"https:\/\/halor.pl\/index.php?rest_route=\/wp\/v2\/pages\/13","targetHints":{"allow":["GET"]}}],"collection":[{"href":"https:\/\/halor.pl\/index.php?rest_route=\/wp\/v2\/pages"}],"about":[{"href":"https:\/\/halor.pl\/index.php?rest_route=\/wp\/v2\/types\/page"}],"author":[{"embeddable":true,"href":"https:\/\/halor.pl\/index.php?rest_route=\/wp\/v2\/users\/1"}],"replies":[{"embeddable":true,"href":"https:\/\/halor.pl\/index.php?rest_route=%2Fwp%2Fv2%2Fcomments&post=13"}],"version-history":[{"count":4,"href":"https:\/\/halor.pl\/index.php?rest_route=\/wp\/v2\/pages\/13\/revisions"}],"predecessor-version":[{"id":23,"href":"https:\/\/halor.pl\/index.php?rest_route=\/wp\/v2\/pages\/13\/revisions\/23"}],"up":[{"embeddable":true,"href":"https:\/\/halor.pl\/index.php?rest_route=\/wp\/v2\/pages\/223"}],"wp:attachment":[{"href":"https:\/\/halor.pl\/index.php?rest_route=%2Fwp%2Fv2%2Fmedia&parent=13"}],"curies":[{"name":"wp","href":"https:\/\/api.w.org\/{rel}","templated":true}]}}