{"id":2,"date":"2014-05-22T12:16:47","date_gmt":"2014-05-22T10:16:47","guid":{"rendered":"http:\/\/halor.art.pl\/?page_id=2"},"modified":"2018-06-19T20:36:38","modified_gmt":"2018-06-19T18:36:38","slug":"biogram","status":"publish","type":"page","link":"https:\/\/halor.pl\/","title":{"rendered":"BIOGRAM"},"content":{"rendered":"<p><strong>Antoni Jan Halor <\/strong>urodzi\u0142 si\u0119 w Siemianowicach \u015al\u0105skich 12 lipca 1937 roku. By\u0142 absolwentem Liceum Og\u00f3lnokszta\u0142c\u0105cego im. Jana \u015aniadeckiego w Siemianowicach \u015al\u0105skich, uko\u0144czy\u0142 studia w Akademii Sztuk Pi\u0119knych w Krakowie (dyplom w 1965 r.), nast\u0119pnie w Pa\u0144stwowej Wy\u017cszej Szkole Teatralnej, Filmowej i Telewizyjnej w \u0141odzi (dyplom w 1971 r.). W 2004 r. uzyska\u0142 doktorat z zakresu literaturoznawstwa na Uniwersytecie \u015al\u0105skim (praca doktorska pod tytu\u0142em \u201eLegenda i prawda. Wok\u00f3\u0142 wybranych mit\u00f3w w kulturze \u015bl\u0105skiej\u201d).<\/p>\n<div id='gallery-1' class='gallery galleryid-2 gallery-columns-3 gallery-size-thumbnail'><figure class='gallery-item'>\n\t\t\t<div class='gallery-icon landscape'>\n\t\t\t\t<a href='https:\/\/halor.pl\/?attachment_id=27'><img loading=\"lazy\" decoding=\"async\" width=\"150\" height=\"150\" src=\"https:\/\/halor.pl\/wp-content\/uploads\/2014\/05\/przy-stole-drzewko-150x150.jpg\" class=\"attachment-thumbnail size-thumbnail\" alt=\"\" \/><\/a>\n\t\t\t<\/div><\/figure><figure class='gallery-item'>\n\t\t\t<div class='gallery-icon landscape'>\n\t\t\t\t<a href='https:\/\/halor.pl\/?attachment_id=26'><img loading=\"lazy\" decoding=\"async\" width=\"150\" height=\"150\" src=\"https:\/\/halor.pl\/wp-content\/uploads\/2014\/05\/drzewko0-150x150.jpg\" class=\"attachment-thumbnail size-thumbnail\" alt=\"\" \/><\/a>\n\t\t\t<\/div><\/figure><figure class='gallery-item'>\n\t\t\t<div class='gallery-icon portrait'>\n\t\t\t\t<a href='https:\/\/halor.pl\/?attachment_id=25'><img loading=\"lazy\" decoding=\"async\" width=\"150\" height=\"150\" src=\"https:\/\/halor.pl\/wp-content\/uploads\/2014\/05\/001pracownia-150x150.jpg\" class=\"attachment-thumbnail size-thumbnail\" alt=\"\" \/><\/a>\n\t\t\t<\/div><\/figure>\n\t\t<\/div>\n\n<p>By\u0142 tw\u00f3rc\u0105 wszechstronnym. W dziedzinie plastyki spe\u0142nia\u0142 si\u0119 jako malarz, grafik, rysownik, ilustrator ksi\u0105\u017cek. Wsp\u00f3\u0142za\u0142o\u017cyciel grupy Onejron, od 1965 r. cz\u0142onek Zwi\u0105zku Polskich Artyst\u00f3w Plastyk\u00f3w, w malarstwie ch\u0119tnie si\u0119ga\u0142 po tematy zwi\u0105zane z pejza\u017cem i symbolik\u0105 G\u00f3rnego \u015al\u0105ska, ale nie tylko. Po 1979 r., kiedy to uczestniczy\u0142 w pierwszym \u015bl\u0105skim rejsie jachtem S\/Y \u201eSiemion\u201d na Islandi\u0119 jako sternik i fotograf, stworzy\u0142 wspania\u0142y cykl obraz\u00f3w \u201eAtlantyk\u201d. Wystawy indywidualne m.in. w Warszawie w 1967 r., &nbsp;Saarbr\u00fccken (Niemcy) w 1973 r., w Katowicach w latach 1979 i 2003, w Chorzowie w 1992 r., bra\u0142 te\u017c udzia\u0142 w wielu wystawach zbiorowych. Jego prace znajduj\u0105 si\u0119 w zbiorach muzealnych (Muzeum Historii Katowic, Muzeum \u015al\u0105skie w Katowicach, Muzeum G\u00f3rno\u015bl\u0105skie w Bytomiu), a tak\u017ce w kolekcjach prywatnych w Polsce, oraz w Niemczech, w Czechach, Francji, Kanadzie, Szwecji czy Holandii. Osobnym, bardzo bogatym rozdzia\u0142em tw\u00f3rczo\u015bci plastycznej jest niew\u0105tpliwie grafika ksi\u0105\u017ckowa (m. in. sam ilustrowa\u0142 wszystkie swoje dzie\u0142a literackie).<\/p>\n<p>Jego najwi\u0119ksz\u0105 pasj\u0105 by\u0142a tw\u00f3rczo\u015b\u0107 filmowa. Antoni Halor by\u0142 re\u017cyserem i scenarzyst\u0105 wielu film\u00f3w dokumentalnych, animowanych, fabularnych i dokument\u00f3w fabularyzowanych, widowisk telewizyjnych oraz spektakli teatralnych. Na szczeg\u00f3ln\u0105 uwag\u0119 zas\u0142uguj\u0105 takie dzie\u0142a jak \u201eTestament\u201d (nagroda na KFFK w Krakowie w 1970 r., nast\u0119pnie na festiwalu film\u00f3w dokumentalnych w Tours w 1971 r.), \u201eCzarne \u2013zielone\u201d i \u201eCzarne s\u0142o\u0144ce\u201d (wyr\u00f3\u017cnienia na KFFK w Krakowie, \u201eNotatnik 14\u201d (nagroda na festiwalu w Krakowie), \u201eJeden plus jeden\u201d (nagroda na festiwalu w Tampere oraz najlepszy film roku 1974 na festiwalu w Londynie), \u201eCz\u0142owiek z lask\u0105\u201d (film o generale Jerzym Zi\u0119tku wyr\u00f3\u017cniony w Krakowie i nagrodzony Nagrod\u0105 G\u0142\u00f3wn\u0105 w \u0141odzi), film o powstaniach \u015bl\u0105skich z udzia\u0142em ostatnich \u017cyj\u0105cych powsta\u0144c\u00f3w \u201eS\u0142oneczko jasne zza czarnych g\u00f3r\u201d, wreszcie &#8222;Siedem zegark\u00f3w Gustawa&#8221; \u2013 pe\u0142nometra\u017cowy, fabularyzowany dokument o Gustawie Morcinku, uhonorowany I Nagrod\u0105 ZW SD Epoka w 1987 r. Bardzo wa\u017cnym filmem jest powsta\u0142a w 1989 r. \u201eUlica, o kt\u00f3rej troch\u0119 wiem\u201d z elementami biografii autora. Pe\u0142na filmografia zawiera blisko 50 tytu\u0142\u00f3w. W latach 1969-1975 Antoni Halor wsp\u00f3\u0142pracowa\u0142&nbsp;z J\u00f3zefem G\u0119bskim. Od 1971 r. by\u0142 cz\u0142onkiem Stowarzyszenia Filmowc\u00f3w Polskich.<\/p>\n<p>Od ko\u0144ca lat 80. XX w. Antoni Halor coraz bardziej zacz\u0105\u0142 si\u0119 sk\u0142ania\u0107 w stron\u0119 tw\u00f3rczo\u015bci literackiej. Gromadzona ustawicznie i stale wzbogacana ogromna wiedza naukowo-literacka, historyczna, filozoficzna zaowocowa\u0142a licznymi publikacjami prasowymi i ksi\u0105\u017ckowymi. Powsta\u0142y m.in. cykle: \u201ePodania i legendy naszych miast\u201d (1987), \u201eO s\u0142ynnych zb\u00f3jcach Eliaszu i Pistulce\u201d (1988) i prowadzony przez wiele lat na \u0142amach &#8222;\u015al\u0105ska&#8221;, od pierwszego numeru miesi\u0119cznika a\u017c do ko\u0144ca \u017cycia autora, cykl \u201ePejza\u017c mitologiczny\u201d. Ka\u017cdy kolejny rok przynosi\u0142 nowe pozycje ksi\u0105\u017ckowe, najcz\u0119\u015bciej zwi\u0105zane z bardzo szeroko poj\u0119t\u0105 tematyka \u015bl\u0105sk\u0105, a zw\u0142aszcza z ukochanym rodzinnym miastem \u2013 Siemianowicami. Antoni Halor by\u0142 pomys\u0142odawc\u0105 i ilustratorem serii \u201eBiblioteka Siemianowicka\u201d. Wa\u017cnymi pozycjami zwi\u0105zanymi z Siemianowicami s\u0105 ksi\u0105\u017cki \u201ePilnuj obowi\u0105zku swego &#8211; rzecz o Piotrze Ko\u0142odzieju\u201d (1992), \u201eWok\u00f3\u0142 dawnej kaplicy siemianowickiego pa\u0142acu\u201d ( 1998), \u201e\u017barty nie\u017carty ksi\u0119dza Stabika\u201d (1999), \u201ePrzewodnik siemianowicki. W\u0119dr\u00f3wki po mie\u015bcie i okolicy\u201d (2000), \u201eSiemianowickie koneksje J\u00f3zefa Lompy\u201d (2001), \u201eNasza buda. Szkice z historii I Liceum Og\u00f3lnokszta\u0142c\u0105cego w Siemianowicach\u201d (2004), \u201eKo\u015bci\u00f3\u0142 Krzy\u017ca \u015awi\u0119tego w Siemianowicach\u201d (2006). W latach 2004 \u2013 2009 co roku wydawany by\u0142 w formie ksi\u0105\u017cki \u201eKalendarz siemianowicki\u201d w opracowaniu Antoniego Halora, nawi\u0105zuj\u0105cy do XIX-wiecznych kalendarzy J\u00f3zefa Lompy. W jego dorobku literackim wa\u017cne miejsce znajduj\u0105 tak\u017ce liczne pozycje regionalne jak \u201ePodania i legendy miko\u0142owskie\u201d, \u201eBo\u017cogrobcy i pudlyrze. Podania i legendy chorzowskie\u201d, czy \u201eRok obrz\u0119dowy na dawnej ziemi bytomskiej\u201d, publikacje o G\u00f3rze \u015awi\u0119tej Anny i hrabiach Gaszynach, architekturze i sztuce G\u0142og\u00f3wka, zabytkach Dolnego \u015al\u0105ska itp. Ten dorobek zosta\u0142 doceniony przez G\u00f3rno\u015bl\u0105skie Towarzystwo Literackie przyj\u0119\u0142o go w poczet swoich cz\u0142onk\u00f3w. W 2005 r. na wniosek GTL Antoni Halor otrzyma\u0142 odznak\u0119 honorow\u0105 \u201eZas\u0142u\u017cony dla kultury polskiej\u201d.<\/p>\n<p>Antoni Halor zmar\u0142 10 lutego 2011 r. w Katowicach. Siemianowice \u015al\u0105skie uhonorowa\u0142y po\u015bmiertnie tw\u00f3rc\u0119 tytu\u0142em honorowego obywatela. Od 2012 r. jego imi\u0119 nosi skwer po\u0142o\u017cony przy ul. Katowickiej, natomiast w 2013 r. zosta\u0142 wybrany patronem Gimnazjum nr 7 w Micha\u0142kowicach.<\/p>\n<p>W 2017 roku, w 80 rocznic\u0119 urodzin artysty w Muzeum Miejskim w Siemianowicach otwarta zosta\u0142a po\u015bwi\u0119cona mu sta\u0142a wystawa, powi\u0105zana z motywami poda\u0144 i legend siemianowickich, a w plenerowej Galerii Artyst\u00f3w w Katowicach stan\u0105\u0142 jego pomnik. W Miejskiej Bibliotece Publicznej w Siemianowicach oraz w G\u00f3rno\u015bl\u0105skim Parku Etnograficznym w Chorzowie znajduj\u0105 si\u0119 wydzielone kolekcje ksi\u0105\u017cek ze zbior\u00f3w Antoniego Halora (ponad 2000 tom\u00f3w) dost\u0119pne w czytelniach.&nbsp; &nbsp; &nbsp;<\/p>\n","protected":false},"excerpt":{"rendered":"<p>Antoni Jan Halor urodzi\u0142 si\u0119 w Siemianowicach \u015al\u0105skich 12 lipca 1937 roku. By\u0142 absolwentem Liceum Og\u00f3lnokszta\u0142c\u0105cego im. Jana \u015aniadeckiego w Siemianowicach \u015al\u0105skich, uko\u0144czy\u0142 studia w Akademii Sztuk Pi\u0119knych w Krakowie (dyplom w 1965 r.), nast\u0119pnie w Pa\u0144stwowej Wy\u017cszej Szkole Teatralnej, Filmowej i Telewizyjnej w \u0141odzi (dyplom w 1971 r.). W 2004 r. uzyska\u0142 doktorat z &hellip; <a href=\"https:\/\/halor.pl\/\" class=\"more-link\">Czytaj dalej <span class=\"screen-reader-text\">BIOGRAM<\/span> <span class=\"meta-nav\">&rarr;<\/span><\/a><\/p>\n","protected":false},"author":1,"featured_media":0,"parent":0,"menu_order":0,"comment_status":"open","ping_status":"closed","template":"","meta":{"ngg_post_thumbnail":0,"footnotes":""},"class_list":["post-2","page","type-page","status-publish","hentry"],"_links":{"self":[{"href":"https:\/\/halor.pl\/index.php?rest_route=\/wp\/v2\/pages\/2","targetHints":{"allow":["GET"]}}],"collection":[{"href":"https:\/\/halor.pl\/index.php?rest_route=\/wp\/v2\/pages"}],"about":[{"href":"https:\/\/halor.pl\/index.php?rest_route=\/wp\/v2\/types\/page"}],"author":[{"embeddable":true,"href":"https:\/\/halor.pl\/index.php?rest_route=\/wp\/v2\/users\/1"}],"replies":[{"embeddable":true,"href":"https:\/\/halor.pl\/index.php?rest_route=%2Fwp%2Fv2%2Fcomments&post=2"}],"version-history":[{"count":8,"href":"https:\/\/halor.pl\/index.php?rest_route=\/wp\/v2\/pages\/2\/revisions"}],"predecessor-version":[{"id":358,"href":"https:\/\/halor.pl\/index.php?rest_route=\/wp\/v2\/pages\/2\/revisions\/358"}],"wp:attachment":[{"href":"https:\/\/halor.pl\/index.php?rest_route=%2Fwp%2Fv2%2Fmedia&parent=2"}],"curies":[{"name":"wp","href":"https:\/\/api.w.org\/{rel}","templated":true}]}}