{"id":208,"date":"2015-02-15T15:39:29","date_gmt":"2015-02-15T14:39:29","guid":{"rendered":"http:\/\/halor.art.pl\/?page_id=208"},"modified":"2015-02-18T14:08:54","modified_gmt":"2015-02-18T13:08:54","slug":"publikacje","status":"publish","type":"page","link":"https:\/\/halor.pl\/?page_id=208","title":{"rendered":"LITERATURA"},"content":{"rendered":"<p>Antoni Halor<br \/>\nSPIS PRAC I PUBLIKACJI, DRUKI ZWARTE,<br \/>\nSZKICE I ARTYKU\u0141Y W PRASIE<br \/>\n(wyb\u00f3r)<br \/>\n____________________________________________________<\/p>\n<p>TEKSTY KRYTYCZNE I ESEJE (wyb\u00f3r)<br \/>\nSztuka w przej\u015bciu (praca magisterska ASP Krak\u00f3w-Katowice) Katowice 1965<br \/>\nWst\u0119p do z\u0142otego wieku. Symbol w sztuce 1959, wyd. (ma\u0142a poligrafia) Muzeum Historii Katowic Katowice 1987<br \/>\nSymboliczne znaczenie koloru (Traktat o kolorze) rozprawa drukowana w katalogu Wystawy jednego obrazu Zygmunta Stuchlika\u00a0 Katowice 1968<br \/>\nKino i obraz symboliczny (praca magisterska PWSTF I TV \u0141\u00f3d\u017a) \u0141\u00f3d\u017a 1971<br \/>\nKino i symbol 1969 wyd. (ma\u0142a poligrafia) \u015al\u0105skie Towarzystwo Filmowe Katowice 1987<br \/>\nPodania i legendy naszych miast (cykl szkic\u00f3w i tekst\u00f3w ludowych w prasie regionalnej) 1987-1990<br \/>\nDziwne imiona utopca (cykl szkic\u00f3w folklorystycznych w prasie regionalnej) 1988-1989<br \/>\nO s\u0142ynnych zb\u00f3jcach Eliaszu i Pistulce (cykl szkic\u00f3w i tekst\u00f3w ludowych w prasie regionalnej) 1988-1989<br \/>\nWarto\u015bci mitologiczne G\u00f3rnego \u015al\u0105ska (opracowanie z map\u0105) Katowice 1989<br \/>\nG\u00f3rno\u015bl\u0105skie kapliczki, krzy\u017ce przydro\u017cne i pokutne (cykl szkic\u00f3w i tekst\u00f3w ludowych w prasie regionalnej) 1988-1989<br \/>\nO maruderach, rozb\u00f3jnikach i francuskich grobach (cykl szkic\u00f3w i tekst\u00f3w folklorystycznych w prasie regionalnej) 1990<br \/>\nO G\u00f3rze \u015bw. Anny i hrabiach Gaszynach (cykl szkic\u00f3w i tekst\u00f3w historycznych i ludowych w prasie regionalnej) 1990<br \/>\nZ magicznej skrzyni naszych przodk\u00f3w (cykl esej\u00f3w i tekst\u00f3w folklorystycznych w prasie regionalnej) 1995<br \/>\nOpowie\u015bci dziadka D\u0142ugosza (cykl szkic\u00f3w i tekst\u00f3w ludowych<br \/>\no tematyce g\u00f3rniczej w prasie bran\u017cowej) 1997<br \/>\nPejza\u017c mitologiczny (cykl szkic\u00f3w historycznych i folklorystycznych w miesi\u0119czniku \u201e\u015al\u0105sk\u201d) 1996-<br \/>\nDRUKI ZWARTE:<br \/>\nPodania i legendy miko\u0142owskie Miko\u0142\u00f3w 1993<br \/>\nOpowie\u015bci miasta z rybakiem w herbie. Podania siemianowickie Siemianowice \u015al. 1997<br \/>\nPilnuj obowi\u0105zku swego. Rzecz o Piotrze Ko\u0142odzieju Siemianowice \u015al. 1997<br \/>\nBo\u017cogrobcy i pudlyrze. Podania i legendy chorzowskie Chorz\u00f3w 1998<br \/>\nWok\u00f3\u0142 dawnej kaplicy siemianowickiego pa\u0142acu Siemianowice \u015al. 1998<br \/>\n\u017barty nie\u017carty ksi\u0119dza Stabika\u00a0 Siemianowice \u015al. 1999<br \/>\nPrzewodnik siemianowicki. W\u0119dr\u00f3wki po mie\u015bcie i okolicy Siemianowice \u015al. 2000 (II wydanie 2001)<br \/>\nSiemianowickie koneksje J\u00f3zefa Lompy Siemianowice \u015al. 2001<br \/>\nKalendarz siemianowicki na rok 2004 (redakcja i wi\u0119kszo\u015b\u0107 tekst\u00f3w) Siemianowice \u015al. 2003 (a tak\u017ce kolejne roczniki; 2005,2006, 2007, 2008, 2009)<br \/>\nNasza buda. Szkice z historii I liceum im. J. \u015aniadeckiego<br \/>\nw Siemianowicach \u015al. Siemianowice \u015al. 2004<br \/>\nRok obrz\u0119dowy na dawnej Ziemi Bytomskiej Siemianowice 2004<br \/>\nKo\u015bci\u00f3\u0142 Krzy\u017ca \u015awi\u0119tego w Siemianowicach 2006<\/p>\n<p>SCENARIUSZE (wyb\u00f3r):<br \/>\nSexplay (scenariusz fabularny, wsp\u00f3\u0142autor) publ. w miesi\u0119czniku \u201eKino\u201d Warszawa 1971<br \/>\nOpis obyczaj\u00f3w (scenariusz fabularny, wsp\u00f3\u0142autor) publ. w miesi\u0119czniku \u201eKino\u201d Warszawa 1972<br \/>\nUlica o kt\u00f3rej troch\u0119 wiem (pomys\u0142 i projekt scenariusza eseju filmowego); drukowany w kwartalniku \u201eTAK I NIE \u015al\u0105sk\u201d Katowice 1987; tak\u017ce w Kalendarzu Siemianowickim na rok 2005<br \/>\nSiedem zegark\u00f3w Gustawa, czyli eremita skoczowski Morcinek (scenariusz pe\u0142nometra\u017cowego fabularnego eseju biograficznego) 1985; drukowany w pracy zbiorowej \u201eW kr\u0119gu Gustawa Morcinka\u201d Katowice 1992<br \/>\nMa\u0142e i niezauwa\u017cone odkrycie Troi (scenariusz eseju filmowego) 1989, drukowany w miesi\u0119czniku \u201e\u015al\u0105sk\u201d 1997<br \/>\nnowele i opowiadania w r\u00f3\u017cnych publikacjach od roku 1970 -;<br \/>\nliczne recenzje filmowe w latach 1970-1985 (oko\u0142o 300), w r\u00f3\u017cnych czasopismach<br \/>\nADAPTACJE SCENICZNE (wyb\u00f3r)<br \/>\nNorbert Bonczyk Stary ko\u015bcio\u0142 miechowski (adaptacja sceniczna A. Halor dla Teatru TV) 1979\/1990, niezrealizowana, wydr. w ma\u0142ej poligrafii (100 egz.) w Oficynie Wydawniczej WOKO w Katowicach 1990<\/p>\n<p>oraz t\u0142umaczenia z j\u0119z. niemieckiego, francuskiego i czeskiego, m.in.:<\/p>\n<p>Edgar Morin Kino, albo cz\u0142owiek wyobra\u017cony (Cin\u00e9ma, ou l&#8217;homme imaginaire), druk. \u201eBiuletyn Polskiej Federacji Dyskusyjnych Klub\u00f3w Filmowych\u201d Warszawa 1964-65<\/p>\n<p>A TAK\u017bE WYDANIA BIBLIOFILSKIE, m.in.:<br \/>\nHermann Hesse W starym s\u0142o\u0144cu (In der alten Sonne), t\u0142umaczenie i opracowanie graficzne w\u0142asne, wydanie bibliofilskie w 3 egzemplarzach, Siemianowice 1959<br \/>\nGustaw Meyrink Zegarmistrz (Der Uhrmacher), t\u0142umaczenie i opracowanie graficzne w\u0142asne, wydanie bibliofilskie w 5 egz. Katowice 1967<br \/>\nNorbert Bonczyk W ch\u0142odniku tajnej \u015bwi\u0105tyni wyb\u00f3r liryk\u00f3w w kszta\u0142cie graficznym Antoniego Halora (pocz\u0105tek niezrealizowanej serii bibliofilskiej) \u015aIN Katowice 1988<\/p>\n","protected":false},"excerpt":{"rendered":"<p>Antoni Halor SPIS PRAC I PUBLIKACJI, DRUKI ZWARTE, SZKICE I ARTYKU\u0141Y W PRASIE (wyb\u00f3r) ____________________________________________________ TEKSTY KRYTYCZNE I ESEJE (wyb\u00f3r) Sztuka w przej\u015bciu (praca magisterska ASP Krak\u00f3w-Katowice) Katowice 1965 Wst\u0119p do z\u0142otego wieku. Symbol w sztuce 1959, wyd. (ma\u0142a poligrafia) Muzeum Historii Katowic Katowice 1987 Symboliczne znaczenie koloru (Traktat o kolorze) rozprawa drukowana w katalogu &hellip; <a href=\"https:\/\/halor.pl\/?page_id=208\" class=\"more-link\">Czytaj dalej <span class=\"screen-reader-text\">LITERATURA<\/span> <span class=\"meta-nav\">&rarr;<\/span><\/a><\/p>\n","protected":false},"author":1,"featured_media":0,"parent":0,"menu_order":60,"comment_status":"closed","ping_status":"open","template":"","meta":{"ngg_post_thumbnail":0,"footnotes":""},"class_list":["post-208","page","type-page","status-publish","hentry"],"_links":{"self":[{"href":"https:\/\/halor.pl\/index.php?rest_route=\/wp\/v2\/pages\/208","targetHints":{"allow":["GET"]}}],"collection":[{"href":"https:\/\/halor.pl\/index.php?rest_route=\/wp\/v2\/pages"}],"about":[{"href":"https:\/\/halor.pl\/index.php?rest_route=\/wp\/v2\/types\/page"}],"author":[{"embeddable":true,"href":"https:\/\/halor.pl\/index.php?rest_route=\/wp\/v2\/users\/1"}],"replies":[{"embeddable":true,"href":"https:\/\/halor.pl\/index.php?rest_route=%2Fwp%2Fv2%2Fcomments&post=208"}],"version-history":[{"count":2,"href":"https:\/\/halor.pl\/index.php?rest_route=\/wp\/v2\/pages\/208\/revisions"}],"predecessor-version":[{"id":270,"href":"https:\/\/halor.pl\/index.php?rest_route=\/wp\/v2\/pages\/208\/revisions\/270"}],"wp:attachment":[{"href":"https:\/\/halor.pl\/index.php?rest_route=%2Fwp%2Fv2%2Fmedia&parent=208"}],"curies":[{"name":"wp","href":"https:\/\/api.w.org\/{rel}","templated":true}]}}