{"id":219,"date":"2015-02-17T15:03:09","date_gmt":"2015-02-17T14:03:09","guid":{"rendered":"http:\/\/halor.art.pl\/?page_id=219"},"modified":"2015-02-17T15:12:32","modified_gmt":"2015-02-17T14:12:32","slug":"ten-tajemniczy-slask","status":"publish","type":"page","link":"https:\/\/halor.pl\/?page_id=219","title":{"rendered":"Ten tajemniczy \u015al\u0105sk"},"content":{"rendered":"<p>Rozmowa z Antonim Halorem:<\/p>\n<p><strong>\u00a0\u2013 Jest Pan znany jako re\u017cyser filmowy i telewizyjny, malarz, grafik. Ale pasjonuje si\u0119 Pan r\u00f3wnie\u017c etnografi\u0105&#8230;<\/strong><\/p>\n<p>\u2013 Nie widz\u0119 w tym nic szczeg\u00f3lnego. W naszych czasach, tak straszliwie posiekanych specjalizacjami, \u017ce spec od ucha nie widzi oka, sztuka musi mie\u0107 wymiar ludzki, scalaj\u0105cy&#8230;<\/p>\n<p><strong>\u00a0\u2013 To fakt, \u017ce sztuka i folklor zawsze si\u0119 zaz\u0119bia\u0142y, si\u0119ga\u0142y do tych samych \u017ar\u00f3de\u0142.<\/strong><\/p>\n<p>\u2013 Dok\u0142adnie tak. We\u017amy np. archetyp \u015bpi\u0105cego wojska. Obecny jest od \u015bredniowiecza zar\u00f3wno w literaturze jaki w wierzeniach ludowych ca\u0142ej Europy. Dzielny rycerz Roland \u015bpi z wojskiem Karola Wielkiego w w\u0105wozie Roncesvalles w Pirenejach, w Walii kr\u00f3l Artur z rycerzami Okr\u0105g\u0142ego Sto\u0142u, Pod Kyffh\u00e4userem cesarz Barbarossa, w Tatrach Chrobry ze swymi wojami. Wszyscy oni maj\u0105 si\u0119 kiedy\u015b obudzi\u0107, by walczy\u0107 w obronie wiary i sprawiedliwo\u015bci. Na \u015al\u0105sku \u015bpi wojsko \u015bw. Jadwigi. Jest to akurat jeden z w\u0105tk\u00f3w dok\u0142adniej opracowanych przez nauk\u0119. I ot\u00f3\u017c prosz\u0119 sobie wyobrazi\u0107, \u017ce pewnego dnia przemi\u0142a, starsza pani z Chorzowa, ujawni\u0142a mi jeszcze jedno, nie wymienione w \u017cadnej bibliografii miejsce, gdzie znajduje si\u0119 wej\u015bcie do groty, w kt\u00f3rej \u015bpi to wojsko&#8230;<\/p>\n<p><strong>\u00a0\u2013 I nie zdradzi Pan tego miejsca?<\/strong><\/p>\n<p>\u2013 Ale\u017c dlaczego nie? Niech czytelnicy te\u017c poznaj\u0105 t\u0119 tajemnic\u0119. Znajduje si\u0119 ono w starym Chorzowie pod kolumn\u0105 Maryjn\u0105 na tzw. drajoku.<\/p>\n<p><strong>\u00a0\u2013 Je\u017adzi pan po G\u00f3rnym \u015al\u0105sku i szuka takich r\u00f3\u017cnych niezwyk\u0142o\u015bci. Niewiarygodne, \u017ce w tym ponurym, przemys\u0142owym krajobrazie, w\u015br\u00f3d betonowych blokowisk, mo\u017ce by\u0107 jeszcze miejsce dla legendy, dla fantazji&#8230;<\/strong><\/p>\n<p>\u2013 Ca\u0142y ten tak okrutnie zniszczony ekologicznie k\u0105t jest ni\u0105 wprost nafaszerowany. W Bytomiu, Gliwicach, Miko\u0142owie jest po kilka takich miejsc, gdzie le\u017c\u0105 po dzi\u015b dzie\u0144 ogromne skarby s\u0142awnych w II po\u0142owie XIX wieku rozb\u00f3jnik\u00f3w Eliasza i Pistulki. W Siemianowicach za Pszczelnikiem sta\u0142a ongi\u015b wie\u015b Jakubowice, spalona po bitwie pod Byczyn\u0105 w 1588. Na pocz\u0105tku naszego wieku w mie\u015bcie wybuch\u0142a prawdziwa gor\u0105czka z\u0142ota, gdy przypadkiem odkryto tam fragmenty starych mur\u00f3w. Na pobliskich polach le\u017ca\u0142y \u00bbdiabelskie kamienie\u00ab, o kt\u00f3rych pisa\u0142 ju\u017c Lompa. Diabe\u0142 chcia\u0142 nimi zburzy\u0107 ko\u015bci\u00f3lek na g\u00f3rze Dorotka ko\u0142o B\u0119dzina.<\/p>\n<p><strong>\u00a0\u2013 Sk\u0105d jednak przeci\u0119tny mieszkaniec \u015al\u0105ska i okolicy ma wiedzie\u0107, gdzie szuka\u0107 takich niezwyk\u0142ych miejsc i opowie\u015bci o nich?<\/strong><\/p>\n<p>\u2013 Czasem wystarczy wyjrze\u0107 przez okno. Byle pr\u0119dko. Ca\u0142y ten przedziwny \u015bwiat, \u017cywy jeszcze w dzieci\u0144stwie mojego pokolenia dogorywa. Ust\u0105pi\u0142 nie tylko cywilizacji. Gorzej, \u017ce by\u0142 \u015bwiadomie dewastowany jak \u015brodowisko naturalne. Na co komu kapliczki na rozstajach dr\u00f3g i legendy, kt\u00f3rych bohaterami s\u0105 cz\u0119sto historyczne postacie: fundatorzy klasztoru na G\u00f3rze \u015bw. Anny \u2013 Gaszynowie, Godula&#8230;? Francuzi maj\u0105 wielotomowy bedeker pt. \u00bbTajemnicza Francja\u00ab, gdzie zebrano z wielk\u0105 mi\u0142o\u015bci\u0105 i skrupulatno\u015bci\u0105 wszystkie miejsca, w kt\u00f3rych przecina si\u0119 realna historia ze \u015bwiatem wyobra\u017ani i legend. Gdyby Pani zobaczy\u0142a list\u0119 instytucji i os\u00f3b, kt\u00f3rym autorzy dzi\u0119kuj\u0105 za wsp\u00f3\u0142prac\u0119, \u0142atwo domy\u015bli\u0142aby si\u0119, co przez to chc\u0119 powiedzie\u0107.<\/p>\n<p><strong>\u00a0\u2013 Wiem. Gdyby tak i u nas&#8230;<\/strong><\/p>\n<p>[\u201eTrybuna \u015al\u0105ska\u201d z dnia 30 V 1992; Rozmawia\u0142a: Bogumi\u0142a Hrapkowicz]<\/p>\n<p>Z nieznanych powod\u00f3w wsp\u00f3\u0142pracy z Antonim Halorem nigdy nie podj\u0119\u0142o, pomimo inicjatyw wyp\u0142ywaj\u0105cych z jego strony, <em>Centrum Dziedzictwa Kulturowego G\u00f3rnego \u015al\u0105ska<\/em>, przemianowane z czasem na\u00a0<em>\u015al\u0105skie Centrum Dziedzictwa Kulturowego<\/em>, kt\u00f3re wydawa\u0142o si\u0119 by\u0107 instytucj\u0105 najbardziej w\u0142a\u015bciw\u0105 do wspierania bada\u0144 tw\u00f3rcy.<\/p>\n","protected":false},"excerpt":{"rendered":"<p>Rozmowa z Antonim Halorem: \u00a0\u2013 Jest Pan znany jako re\u017cyser filmowy i telewizyjny, malarz, grafik. Ale pasjonuje si\u0119 Pan r\u00f3wnie\u017c etnografi\u0105&#8230; \u2013 Nie widz\u0119 w tym nic szczeg\u00f3lnego. W naszych czasach, tak straszliwie posiekanych specjalizacjami, \u017ce spec od ucha nie widzi oka, sztuka musi mie\u0107 wymiar ludzki, scalaj\u0105cy&#8230; \u00a0\u2013 To fakt, \u017ce sztuka i folklor &hellip; <a href=\"https:\/\/halor.pl\/?page_id=219\" class=\"more-link\">Czytaj dalej <span class=\"screen-reader-text\">Ten tajemniczy \u015al\u0105sk<\/span> <span class=\"meta-nav\">&rarr;<\/span><\/a><\/p>\n","protected":false},"author":1,"featured_media":0,"parent":223,"menu_order":0,"comment_status":"closed","ping_status":"open","template":"","meta":{"ngg_post_thumbnail":0,"footnotes":""},"class_list":["post-219","page","type-page","status-publish","hentry"],"_links":{"self":[{"href":"https:\/\/halor.pl\/index.php?rest_route=\/wp\/v2\/pages\/219","targetHints":{"allow":["GET"]}}],"collection":[{"href":"https:\/\/halor.pl\/index.php?rest_route=\/wp\/v2\/pages"}],"about":[{"href":"https:\/\/halor.pl\/index.php?rest_route=\/wp\/v2\/types\/page"}],"author":[{"embeddable":true,"href":"https:\/\/halor.pl\/index.php?rest_route=\/wp\/v2\/users\/1"}],"replies":[{"embeddable":true,"href":"https:\/\/halor.pl\/index.php?rest_route=%2Fwp%2Fv2%2Fcomments&post=219"}],"version-history":[{"count":3,"href":"https:\/\/halor.pl\/index.php?rest_route=\/wp\/v2\/pages\/219\/revisions"}],"predecessor-version":[{"id":222,"href":"https:\/\/halor.pl\/index.php?rest_route=\/wp\/v2\/pages\/219\/revisions\/222"}],"up":[{"embeddable":true,"href":"https:\/\/halor.pl\/index.php?rest_route=\/wp\/v2\/pages\/223"}],"wp:attachment":[{"href":"https:\/\/halor.pl\/index.php?rest_route=%2Fwp%2Fv2%2Fmedia&parent=219"}],"curies":[{"name":"wp","href":"https:\/\/api.w.org\/{rel}","templated":true}]}}