{"id":227,"date":"2015-02-17T15:22:55","date_gmt":"2015-02-17T14:22:55","guid":{"rendered":"http:\/\/halor.art.pl\/?page_id=227"},"modified":"2015-02-18T12:40:09","modified_gmt":"2015-02-18T11:40:09","slug":"teatr-we-wsi-siemianowice","status":"publish","type":"page","link":"https:\/\/halor.pl\/?page_id=227","title":{"rendered":"Teatr we wsi Siemianowice"},"content":{"rendered":"<p>Siemianowice, jak o tym nieraz pisa\u0142em, ju\u017c w I po\u0142owie XIX w. wzbudzi\u0142y autentyczny zachwyt i podziw s\u0142awnego J\u00f3zefa Lompy. ,,Szkolny z Lubszy\u201d bywa\u0142 w Siemianowicach i w Laurahucie kilka razy, po raz pierwszy w roku powstania huty:<\/p>\n<p>,,<em>Kiedym roku 1836 przez wie\u015b Siemianowice nad granic\u0105 za Bytomiem&#8230; przechodzi\u0142, widzia\u0142em za wiosk\u0105 ku Mys\u0142owicom w g\u0119stym lesie \u015blady zagon\u00f3w polnych&#8230; W kilka lat p\u00f3\u017aniej wystawi\u0142 na tym gruncie hrabia Henckel von Donnersmarck huty<\/em>. <em>Dzi\u015b liczy gmina Siemianowice z do niej przylegaj\u0105c\u0105 koloni\u0105 <\/em>(mowa u dawnej gminie Huta Laura, u.m.)<em> przesz\u0142o 3000 mieszka\u0144c\u00f3w, ma dwie szko\u0142y, aptek\u0119, teatr<\/em>, <em>kilka sklep\u00f3w kupieckich i wzrasta ci\u0105gle. Zachodzi ju\u017c potrzeba rozdzielenia parafii i wybudowania nowego ko\u015bcio\u0142a&#8230;<\/em>\u201d.<\/p>\n<p>&#8211; Kiedy po raz pierwszy, przed wielu laty, dotar\u0142em do tego tekstu \u2013 poza drobn\u0105 ,,topograficzn\u0105 i historyczn\u0105\u201d pomy\u0142k\u0105 ,,szkolnego z Lubszy\u201d, zwr\u00f3ci\u0142a moj\u0105 uwag\u0119 prawdziwa rewelacja \u2013 i to nawet nie to, \u017ce miejscowo\u015b\u0107, b\u0119d\u0105ca jeszcze sto lat p\u00f3\u017aniej wiosk\u0105, ju\u017c w 1836 mia\u0142a nie tylko ,,<em>dwie szko\u0142y<\/em>\u201d, czy ,,<em>aptek\u0119<\/em>\u201d \u2013 ale przede wszystkim \u2013 TEATR!!! Tylko gdzie on si\u0119 znajdowa\u0142? D\u0142ugo nie pomaga\u0142o studiowanie profesora Koeniga, jedynego jak dot\u0105d rzetelnego znawcy historii i topografii miasta, potem wieloletnie moje poszukiwania. Nie mog\u0142a to by\u0107 sala u Uhra, ani dzi\u015b nieistniej\u0105ca ju\u017c sala widowiskowa ,,Pod dwiema lipami\u201d, ani ,,Belweder\u201d \u2013 bo ich jeszcze wtedy nie by\u0142o. I dopiero kilka lat temu dotar\u0142a do mnie prawda le\u017c\u0105ca jak na d\u0142oni przede mn\u0105, na znanej litografii Knippla. Poniewa\u017c ju\u017c wtedy istnia\u0142a gospoda hutnicza \u2013 powsta\u0142a ju\u017c w czasie budowy huty \u2013 gdzie si\u0119 ongi\u015b znajdowa\u0142a to dok\u0142adnie opisa\u0142em po raz pierwszy w ,,<em>Siemianowickich koneksjach J\u00f3zefa Lompy<\/em>\u201d, a potem w ,,<em>Przewodniku siemianowickim<\/em>\u201d \u2013 tu z braku miejsca niestety nie mog\u0119 powt\u00f3rzy\u0107 tamtej wiedzy, trzeba ja poszuka\u0107 samemu na owej litografii. Ale warto wiedzie\u0107, \u017ce w tej sali, mia\u0142y swoje premiery s\u0142awne ongi\u015b na ca\u0142ym \u015al\u0105sku (i znacznie szerzej) sztuki teatralne Piotra Ko\u0142odzieja, z zawodu hutnika (patrz ,,<em>Pilnuj obowi\u0105zku swego<\/em>\u201d) i inne sztuki dramatyczne, niezwykle ch\u0119tnie ogl\u0105dane przez naszych przodk\u00f3w. Potem mie\u015bci\u0142a si\u0119 w niej najprawdziwsza wytw\u00f3rnia filmowa \u2013 ,,\u015bl\u0105skie Hollywood\u201d. Dzi\u015b nie ma po tym wszystkim nawet \u015bladu. Niestety \u2013 jak wi\u0119kszo\u015b\u0107 przesz\u0142o\u015bci historycznej miasta uleg\u0142o bezsensownej demolce. A wraz z ni\u0105 pami\u0119ci. C\u00f3\u017c, nami\u0119tnie uwielbiamy podcina\u0107 ga\u0142\u0105\u017a na kt\u00f3rej siedzimy.<\/p>\n<p>(C) 2010, Antoni Halor<\/p>\n","protected":false},"excerpt":{"rendered":"<p>Siemianowice, jak o tym nieraz pisa\u0142em, ju\u017c w I po\u0142owie XIX w. wzbudzi\u0142y autentyczny zachwyt i podziw s\u0142awnego J\u00f3zefa Lompy. ,,Szkolny z Lubszy\u201d bywa\u0142 w Siemianowicach i w Laurahucie kilka razy, po raz pierwszy w roku powstania huty: ,,Kiedym roku 1836 przez wie\u015b Siemianowice nad granic\u0105 za Bytomiem&#8230; przechodzi\u0142, widzia\u0142em za wiosk\u0105 ku Mys\u0142owicom w &hellip; <a href=\"https:\/\/halor.pl\/?page_id=227\" class=\"more-link\">Czytaj dalej <span class=\"screen-reader-text\">Teatr we wsi Siemianowice<\/span> <span class=\"meta-nav\">&rarr;<\/span><\/a><\/p>\n","protected":false},"author":1,"featured_media":0,"parent":208,"menu_order":0,"comment_status":"closed","ping_status":"open","template":"","meta":{"ngg_post_thumbnail":0,"footnotes":""},"class_list":["post-227","page","type-page","status-publish","hentry"],"_links":{"self":[{"href":"https:\/\/halor.pl\/index.php?rest_route=\/wp\/v2\/pages\/227","targetHints":{"allow":["GET"]}}],"collection":[{"href":"https:\/\/halor.pl\/index.php?rest_route=\/wp\/v2\/pages"}],"about":[{"href":"https:\/\/halor.pl\/index.php?rest_route=\/wp\/v2\/types\/page"}],"author":[{"embeddable":true,"href":"https:\/\/halor.pl\/index.php?rest_route=\/wp\/v2\/users\/1"}],"replies":[{"embeddable":true,"href":"https:\/\/halor.pl\/index.php?rest_route=%2Fwp%2Fv2%2Fcomments&post=227"}],"version-history":[{"count":2,"href":"https:\/\/halor.pl\/index.php?rest_route=\/wp\/v2\/pages\/227\/revisions"}],"predecessor-version":[{"id":259,"href":"https:\/\/halor.pl\/index.php?rest_route=\/wp\/v2\/pages\/227\/revisions\/259"}],"up":[{"embeddable":true,"href":"https:\/\/halor.pl\/index.php?rest_route=\/wp\/v2\/pages\/208"}],"wp:attachment":[{"href":"https:\/\/halor.pl\/index.php?rest_route=%2Fwp%2Fv2%2Fmedia&parent=227"}],"curies":[{"name":"wp","href":"https:\/\/api.w.org\/{rel}","templated":true}]}}