{"id":237,"date":"2015-02-18T08:42:25","date_gmt":"2015-02-18T07:42:25","guid":{"rendered":"http:\/\/halor.art.pl\/?page_id=237"},"modified":"2015-02-18T08:42:37","modified_gmt":"2015-02-18T07:42:37","slug":"teatr-tv","status":"publish","type":"page","link":"https:\/\/halor.pl\/?page_id=237","title":{"rendered":"TEATR TV"},"content":{"rendered":"<dl>\n<dd><\/dd>\n<\/dl>\n<p><i><a title=\"Doktor Faustus\" href=\"http:\/\/pl.wikipedia.org\/wiki\/Doktor_Faustus\">Doktor Faustus<\/a><\/i> 1975, wed\u0142ug <a class=\"mw-redirect\" title=\"Tomasz Mann\" href=\"http:\/\/pl.wikipedia.org\/wiki\/Tomasz_Mann\">T. Manna<br \/>\n<\/a><i><a title=\"Teresa Raquin\" href=\"http:\/\/pl.wikipedia.org\/wiki\/Teresa_Raquin\">Teresa Raquin<\/a><\/i> 1976, wed\u0142ug <a class=\"mw-redirect\" title=\"Emil Zola\" href=\"http:\/\/pl.wikipedia.org\/wiki\/Emil_Zola\">E. Zol<\/a>i<br \/>\n<i><a class=\"new\" title=\"W\u0119dr\u00f3wki mistrza Ko\u015bcieja (strona nie istnieje)\" href=\"http:\/\/pl.wikipedia.org\/w\/index.php?title=W%C4%99dr%C3%B3wki_mistrza_Ko%C5%9Bcieja&amp;action=edit&amp;redlink=1\">W\u0119dr\u00f3wki mistrza Ko\u015bcieja<\/a><\/i> 1978, wed\u0142ug <a class=\"new\" title=\"M. Ghelderode (strona nie istnieje)\" href=\"http:\/\/pl.wikipedia.org\/w\/index.php?title=M._Ghelderode&amp;action=edit&amp;redlink=1\">M. Ghelderode<br \/>\n<\/a><i><a title=\"Lizystrata\" href=\"http:\/\/pl.wikipedia.org\/wiki\/Lizystrata\">Lizystrata<\/a><\/i> 1980, wed\u0142ug <a title=\"Arystofanes\" href=\"http:\/\/pl.wikipedia.org\/wiki\/Arystofanes\">Arystofanesa<\/a>.<\/p>\n<p>Ponadto kilka przedstawie\u0144 <a title=\"Teatr Sensacji\" href=\"http:\/\/pl.wikipedia.org\/wiki\/Teatr_Sensacji\">Teatru Sensacji<\/a>, kilkana\u015bcie widowisk rozrywkowych m.in.<br \/>\n<i>Barb\u00f3rka 70<\/i> 1970,<br \/>\n<i>Lekcja ta\u0144ca dla doros\u0142ych<\/i> 1971,<br \/>\n<i>Haszek&amp;Szwejk<\/i> 1976,<br \/>\ns\u0142uchowiska i audycje radiowe.<\/p>\n<div id='gallery-1' class='gallery galleryid-237 gallery-columns-3 gallery-size-thumbnail'><figure class='gallery-item'>\n\t\t\t<div class='gallery-icon landscape'>\n\t\t\t\t<a href='https:\/\/halor.pl\/?attachment_id=238'><img loading=\"lazy\" decoding=\"async\" width=\"150\" height=\"150\" src=\"https:\/\/halor.pl\/wp-content\/uploads\/2015\/02\/drFaustus-150x150.jpg\" class=\"attachment-thumbnail size-thumbnail\" alt=\"\" \/><\/a>\n\t\t\t<\/div><\/figure><figure class='gallery-item'>\n\t\t\t<div class='gallery-icon landscape'>\n\t\t\t\t<a href='https:\/\/halor.pl\/?attachment_id=239'><img loading=\"lazy\" decoding=\"async\" width=\"150\" height=\"150\" src=\"https:\/\/halor.pl\/wp-content\/uploads\/2015\/02\/dziecko-gwiazdy1-150x150.jpg\" class=\"attachment-thumbnail size-thumbnail\" alt=\"\" \/><\/a>\n\t\t\t<\/div><\/figure><figure class='gallery-item'>\n\t\t\t<div class='gallery-icon landscape'>\n\t\t\t\t<a href='https:\/\/halor.pl\/?attachment_id=240'><img loading=\"lazy\" decoding=\"async\" width=\"150\" height=\"150\" src=\"https:\/\/halor.pl\/wp-content\/uploads\/2015\/02\/teresaraquin2-150x150.jpg\" class=\"attachment-thumbnail size-thumbnail\" alt=\"\" \/><\/a>\n\t\t\t<\/div><\/figure><figure class='gallery-item'>\n\t\t\t<div class='gallery-icon landscape'>\n\t\t\t\t<a href='https:\/\/halor.pl\/?attachment_id=241'><img loading=\"lazy\" decoding=\"async\" width=\"150\" height=\"150\" src=\"https:\/\/halor.pl\/wp-content\/uploads\/2015\/02\/wedrowki-mistrza-koscieja-teatr-tv-1-fot-I.Jenkner-150x150.jpg\" class=\"attachment-thumbnail size-thumbnail\" alt=\"\" \/><\/a>\n\t\t\t<\/div><\/figure><figure class='gallery-item'>\n\t\t\t<div class='gallery-icon landscape'>\n\t\t\t\t<a href='https:\/\/halor.pl\/?attachment_id=242'><img loading=\"lazy\" decoding=\"async\" width=\"150\" height=\"150\" src=\"https:\/\/halor.pl\/wp-content\/uploads\/2015\/02\/drFaustus3-150x150.jpg\" class=\"attachment-thumbnail size-thumbnail\" alt=\"\" \/><\/a>\n\t\t\t<\/div><\/figure><figure class='gallery-item'>\n\t\t\t<div class='gallery-icon landscape'>\n\t\t\t\t<a href='https:\/\/halor.pl\/?attachment_id=243'><img loading=\"lazy\" decoding=\"async\" width=\"150\" height=\"150\" src=\"https:\/\/halor.pl\/wp-content\/uploads\/2015\/02\/w\u0119dr\u00f3wki2-150x150.jpg\" class=\"attachment-thumbnail size-thumbnail\" alt=\"\" \/><\/a>\n\t\t\t<\/div><\/figure>\n\t\t<\/div>\n\n","protected":false},"excerpt":{"rendered":"<p>Doktor Faustus 1975, wed\u0142ug T. Manna Teresa Raquin 1976, wed\u0142ug E. Zoli W\u0119dr\u00f3wki mistrza Ko\u015bcieja 1978, wed\u0142ug M. Ghelderode Lizystrata 1980, wed\u0142ug Arystofanesa. Ponadto kilka przedstawie\u0144 Teatru Sensacji, kilkana\u015bcie widowisk rozrywkowych m.in. Barb\u00f3rka 70 1970, Lekcja ta\u0144ca dla doros\u0142ych 1971, Haszek&amp;Szwejk 1976, s\u0142uchowiska i audycje radiowe.<\/p>\n","protected":false},"author":1,"featured_media":0,"parent":0,"menu_order":20,"comment_status":"closed","ping_status":"open","template":"","meta":{"ngg_post_thumbnail":0,"footnotes":""},"class_list":["post-237","page","type-page","status-publish","hentry"],"_links":{"self":[{"href":"https:\/\/halor.pl\/index.php?rest_route=\/wp\/v2\/pages\/237","targetHints":{"allow":["GET"]}}],"collection":[{"href":"https:\/\/halor.pl\/index.php?rest_route=\/wp\/v2\/pages"}],"about":[{"href":"https:\/\/halor.pl\/index.php?rest_route=\/wp\/v2\/types\/page"}],"author":[{"embeddable":true,"href":"https:\/\/halor.pl\/index.php?rest_route=\/wp\/v2\/users\/1"}],"replies":[{"embeddable":true,"href":"https:\/\/halor.pl\/index.php?rest_route=%2Fwp%2Fv2%2Fcomments&post=237"}],"version-history":[{"count":1,"href":"https:\/\/halor.pl\/index.php?rest_route=\/wp\/v2\/pages\/237\/revisions"}],"predecessor-version":[{"id":244,"href":"https:\/\/halor.pl\/index.php?rest_route=\/wp\/v2\/pages\/237\/revisions\/244"}],"wp:attachment":[{"href":"https:\/\/halor.pl\/index.php?rest_route=%2Fwp%2Fv2%2Fmedia&parent=237"}],"curies":[{"name":"wp","href":"https:\/\/api.w.org\/{rel}","templated":true}]}}