{"id":49,"date":"2015-01-12T19:05:22","date_gmt":"2015-01-12T18:05:22","guid":{"rendered":"http:\/\/halor.art.pl\/?page_id=49"},"modified":"2015-02-18T09:09:21","modified_gmt":"2015-02-18T08:09:21","slug":"film","status":"publish","type":"page","link":"https:\/\/halor.pl\/?page_id=49","title":{"rendered":"FILMY"},"content":{"rendered":"<p>FILMOGRAFIA ANTONIEGO HALORA (wyb\u00f3r)<\/p>\n<div id=\"filmografia\">\n<ul id=\"filmografia_chronologicznie_stare\" class=\"\">\n<li>\n<div class=\"data\">1966<\/div>\n<div class=\"tytul\"><a href=\"http:\/\/www.filmpolski.pl\/fp\/index.php\/32929\">KOWALSKI<\/a><\/div>\n<div class=\"rodzajfilmu\">Etiuda szkolna<\/div>\n<div class=\"funkcja\">Wsp\u00f3\u0142praca re\u017cyserska<\/div>\n<\/li>\n<li>\n<div class=\"data\">1966<\/div>\n<div class=\"tytul\"><a href=\"http:\/\/www.filmpolski.pl\/fp\/index.php\/32978\">ASY<\/a><\/div>\n<div class=\"rodzajfilmu\">Etiuda szkolna<\/div>\n<div class=\"funkcja\">Wsp\u00f3\u0142praca re\u017cyserska<\/div>\n<\/li>\n<li>\n<div class=\"data\">1967<\/div>\n<div class=\"tytul\"><a href=\"http:\/\/www.filmpolski.pl\/fp\/index.php\/325085\">ZDJ\u0118CIE \u015aLUBNE<\/a><\/div>\n<div class=\"rodzajfilmu\">Etiuda szkolna<\/div>\n<div class=\"funkcja\">Re\u017cyseria<\/div>\n<\/li>\n<li>\n<div class=\"data\">1967<\/div>\n<div class=\"tytul\"><a href=\"http:\/\/www.filmpolski.pl\/fp\/index.php\/321035\">POCZ\u0104TEK EKSPERYMENTU<\/a><\/div>\n<div class=\"rodzajfilmu\">Etiuda szkolna<\/div>\n<div class=\"funkcja\">Re\u017cyseria<\/div>\n<\/li>\n<li>\n<div class=\"data\">1967<\/div>\n<div class=\"tytul\"><a href=\"http:\/\/www.filmpolski.pl\/fp\/index.php\/321019\">MAESTRO<\/a><\/div>\n<div class=\"rodzajfilmu\">Etiuda szkolna<\/div>\n<div class=\"funkcja\">Obsada aktorska<\/div>\n<\/li>\n<li>\n<div class=\"data\">1968<\/div>\n<div class=\"tytul\"><a href=\"http:\/\/www.filmpolski.pl\/fp\/index.php\/321101\">WZG\u00d3RZE MARSA ALBO POWR\u00d3T POWSTA\u0143CA \u015aL\u0104SKIEGO<\/a><\/div>\n<div class=\"rodzajfilmu\">Etiuda szkolna<\/div>\n<div class=\"funkcja\">Scenariusz, Re\u017cyseria<\/div>\n<\/li>\n<li>\n<div class=\"data\">1968<\/div>\n<div class=\"tytul\"><a href=\"http:\/\/www.filmpolski.pl\/fp\/index.php\/321080\">PO\u017bEGNANIE KOLEJKI<\/a><\/div>\n<div class=\"rodzajfilmu\">Etiuda szkolna<\/div>\n<div class=\"funkcja\">Re\u017cyseria<\/div>\n<\/li>\n<li>\n<div class=\"data\">1969<\/div>\n<div class=\"tytul\"><a href=\"http:\/\/www.filmpolski.pl\/fp\/index.php\/423849\">TESTAMENT<\/a><\/div>\n<div class=\"rodzajfilmu\">Film dokumentalny<\/div>\n<div class=\"funkcja\">Scenariusz, Re\u017cyseria<\/div>\n<\/li>\n<li>\n<div class=\"data\">1969<\/div>\n<div class=\"tytul\">CZY CHCIA\u0141BY\u015a POJECHA\u0106 NA WYSPY KANARYJSKIE<\/div>\n<div class=\"rodzajfilmu\">Film dokumentalny<\/div>\n<div class=\"funkcja\">Re\u017cyseria<\/div>\n<\/li>\n<li>\n<div class=\"data\">1970<\/div>\n<div class=\"tytul\"><a href=\"http:\/\/www.filmpolski.pl\/fp\/index.php\/429295\">SOPOT 70<\/a><\/div>\n<div class=\"rodzajfilmu\">Film dokumentalny<\/div>\n<div class=\"funkcja\">Scenariusz, Re\u017cyseria<\/div>\n<\/li>\n<li>\n<div class=\"data\">1970<\/div>\n<div class=\"tytul\"><a href=\"http:\/\/www.filmpolski.pl\/fp\/index.php\/422437\">MUZEUM<\/a><\/div>\n<div class=\"rodzajfilmu\">Film animowany<\/div>\n<div class=\"funkcja\">Scenariusz<\/div>\n<\/li>\n<li>\n<div class=\"data\">1970<\/div>\n<div class=\"tytul\"><a href=\"http:\/\/www.filmpolski.pl\/fp\/index.php\/42727\">DRZEWO SZCZ\u0118\u015aLIWE<\/a><\/div>\n<div class=\"rodzajfilmu\">Film animowany<\/div>\n<div class=\"funkcja\">Scenariusz, Re\u017cyseria, Animacja, Opracowanie plastyczne<\/div>\n<\/li>\n<li>\n<div class=\"data\">1970<\/div>\n<div class=\"tytul\"><a href=\"http:\/\/www.filmpolski.pl\/fp\/index.php\/4218916\">CZTERY PASJE PO ANGIELSKU<\/a><\/div>\n<div class=\"rodzajfilmu\">Film dokumentalny<\/div>\n<div class=\"funkcja\">Realizacja<\/div>\n<\/li>\n<li>\n<div class=\"data\">1971<\/div>\n<div class=\"tytul\"><a href=\"http:\/\/www.filmpolski.pl\/fp\/index.php\/4219107\">HEROSI<\/a><\/div>\n<div class=\"rodzajfilmu\">Film dokumentalny<\/div>\n<div class=\"funkcja\">Realizacja<\/div>\n<\/li>\n<li>\n<div class=\"data\">1971<\/div>\n<div class=\"tytul\"><a href=\"http:\/\/www.filmpolski.pl\/fp\/index.php\/422220\">CZ\u0141OWIEK = CZ\u0141OWIEK<\/a><\/div>\n<div class=\"rodzajfilmu\">Film animowany<\/div>\n<div class=\"funkcja\">Scenariusz, Re\u017cyseria, Opracowanie plastyczne<\/div>\n<\/li>\n<li>\n<div class=\"data\">1971<\/div>\n<div class=\"tytul\"><a href=\"http:\/\/www.filmpolski.pl\/fp\/index.php\/423850\">CZARNE S\u0141O\u0143CE<\/a><\/div>\n<div class=\"rodzajfilmu\">Film dokumentalny<\/div>\n<div class=\"funkcja\">Scenariusz, Re\u017cyseria<\/div>\n<\/li>\n<li>\n<div class=\"data\">1971<\/div>\n<div class=\"tytul\"><a href=\"http:\/\/www.filmpolski.pl\/fp\/index.php\/423308\">CZARNE &#8211; ZIELONE<\/a><\/div>\n<div class=\"rodzajfilmu\">Film dokumentalny<\/div>\n<div class=\"funkcja\">Scenariusz, Re\u017cyseria<\/div>\n<\/li>\n<li>\n<div class=\"data\">1972<\/div>\n<div class=\"tytul\"><a href=\"http:\/\/www.filmpolski.pl\/fp\/index.php\/421192\">SAGA RODU Z. . .<\/a><\/div>\n<div class=\"rodzajfilmu\">Film dokumentalny<\/div>\n<div class=\"funkcja\">Re\u017cyseria<\/div>\n<\/li>\n<li>\n<div class=\"data\">1972<\/div>\n<div class=\"tytul\"><a href=\"http:\/\/www.filmpolski.pl\/fp\/index.php\/121437\">OPIS OBYCZAJ\u00d3W<\/a><\/div>\n<div class=\"rodzajfilmu\">Film fabularny<\/div>\n<div class=\"funkcja\">Scenariusz, Re\u017cyseria<\/div>\n<\/li>\n<li>\n<div class=\"data\">1972<\/div>\n<div class=\"tytul\"><a href=\"http:\/\/www.filmpolski.pl\/fp\/index.php\/421654\">NIEUSTRASZENI WYKONAWCY MOZARTA K.K. 136<\/a><\/div>\n<div class=\"rodzajfilmu\">Film animowany<\/div>\n<div class=\"funkcja\">Realizacja<\/div>\n<\/li>\n<li>\n<div class=\"data\">1972<\/div>\n<div class=\"tytul\">JOAN BAEZ<\/div>\n<div class=\"rodzajfilmu\">Film dokumentalny<\/div>\n<div class=\"funkcja\">Re\u017cyseria<\/div>\n<\/li>\n<li>\n<div class=\"data\">1972<\/div>\n<div class=\"tytul\"><a href=\"http:\/\/www.filmpolski.pl\/fp\/index.php\/422013\">JEDEN PLUS JEDEN<\/a><\/div>\n<div class=\"rodzajfilmu\">Film dokumentalny<\/div>\n<div class=\"funkcja\">Scenariusz, Re\u017cyseria<\/div>\n<\/li>\n<li>\n<div class=\"data\">1973<\/div>\n<div class=\"tytul\"><a href=\"http:\/\/www.filmpolski.pl\/fp\/index.php\/422349\">PLAC CZERWONY<\/a><\/div>\n<div class=\"rodzajfilmu\">Film dokumentalny<\/div>\n<div class=\"funkcja\">Scenariusz, Re\u017cyseria<\/div>\n<\/li>\n<li>\n<div class=\"data\">1973<\/div>\n<div class=\"tytul\"><a href=\"http:\/\/www.filmpolski.pl\/fp\/index.php\/429725\">OTO POLSKA<\/a><\/div>\n<div class=\"rodzajfilmu\">Film dokumentalny<\/div>\n<div class=\"funkcja\">Scenariusz, Re\u017cyseria<\/div>\n<\/li>\n<li>\n<div class=\"data\">1973<\/div>\n<div class=\"tytul\"><a href=\"http:\/\/www.filmpolski.pl\/fp\/index.php\/424482\">NOTATNIK 14-TY<\/a><\/div>\n<div class=\"rodzajfilmu\">Film dokumentalny<\/div>\n<div class=\"funkcja\">Scenariusz, Re\u017cyseria<\/div>\n<\/li>\n<li>\n<div class=\"data\">1973<\/div>\n<div class=\"tytul\"><a href=\"http:\/\/www.filmpolski.pl\/fp\/index.php\/429935\">ADAM I EWA<\/a><\/div>\n<div class=\"rodzajfilmu\">Film dokumentalny<\/div>\n<div class=\"funkcja\">Scenariusz, Re\u017cyseria<\/div>\n<\/li>\n<li>\n<div class=\"data\">1974<\/div>\n<div class=\"tytul\"><a href=\"http:\/\/www.filmpolski.pl\/fp\/index.php\/523209\">\u017bEGNAM PANA, MR KOWALSKY<\/a><\/div>\n<div class=\"rodzajfilmu\">Spektakl telewizyjny<\/div>\n<div class=\"funkcja\">Re\u017cyseria<\/div>\n<\/li>\n<li>\n<div class=\"data\">1974<\/div>\n<div class=\"tytul\"><a href=\"http:\/\/www.filmpolski.pl\/fp\/index.php\/429774\">WSZYSTKIE MOJE DZIECI<\/a><\/div>\n<div class=\"rodzajfilmu\">Film dokumentalny<\/div>\n<div class=\"funkcja\">Scenariusz, Re\u017cyseria<\/div>\n<\/li>\n<li>\n<div class=\"data\">1974<\/div>\n<div class=\"tytul\"><a href=\"http:\/\/www.filmpolski.pl\/fp\/index.php\/42620\">PLANOWA\u0106 SUKCES<\/a><\/div>\n<div class=\"rodzajfilmu\">Film dokumentalny<\/div>\n<div class=\"funkcja\">Scenariusz, Re\u017cyseria<\/div>\n<\/li>\n<li>\n<div class=\"data\">1974<\/div>\n<div class=\"tytul\"><a href=\"http:\/\/www.filmpolski.pl\/fp\/index.php\/524058\">PANI WIDMO<\/a><\/div>\n<div class=\"rodzajfilmu\">Spektakl telewizyjny<\/div>\n<div class=\"funkcja\">Re\u017cyseria<\/div>\n<\/li>\n<li>\n<div class=\"data\">1975<\/div>\n<div class=\"tytul\">SUITY FRANCUSKIE J.S.BACHA<\/div>\n<div class=\"rodzajfilmu\">Film kr\u00f3tkometra\u017cowy<\/div>\n<div class=\"funkcja\">Re\u017cyseria<\/div>\n<\/li>\n<li>\n<div class=\"data\">1975<\/div>\n<div class=\"tytul\"><a href=\"http:\/\/www.filmpolski.pl\/fp\/index.php\/421666\">KTO?<\/a><\/div>\n<div class=\"rodzajfilmu\">Film dokumentalny<\/div>\n<div class=\"funkcja\">Scenariusz, Re\u017cyseria, Komentarz<\/div>\n<\/li>\n<li>\n<div class=\"data\">1975<\/div>\n<div class=\"tytul\"><a href=\"http:\/\/www.filmpolski.pl\/fp\/index.php\/4210094\">KLOWNI<\/a><\/div>\n<div class=\"rodzajfilmu\">Film fabularny &#8211; kr\u00f3tkometra\u017cowy<\/div>\n<div class=\"funkcja\">Scenariusz, Re\u017cyseria<\/div>\n<\/li>\n<li>\n<div class=\"data\">1975<\/div>\n<div class=\"tytul\"><a href=\"http:\/\/www.filmpolski.pl\/fp\/index.php\/421868\">DO DNIA<\/a><\/div>\n<div class=\"rodzajfilmu\">Film dokumentalny<\/div>\n<div class=\"funkcja\">Re\u017cyseria<\/div>\n<\/li>\n<li>\n<div class=\"data\">1976<\/div>\n<div class=\"tytul\"><a href=\"http:\/\/www.filmpolski.pl\/fp\/index.php\/524169\">TERESA RAQUIN<\/a><\/div>\n<div class=\"rodzajfilmu\">Spektakl telewizyjny<\/div>\n<div class=\"funkcja\">Adaptacja, Re\u017cyseria, Przek\u0142ad<\/div>\n<\/li>\n<li>\n<div class=\"data\">1976<\/div>\n<div class=\"tytul\"><a href=\"http:\/\/www.filmpolski.pl\/fp\/index.php\/421767\">TEATR WYOBRA\u0179NI<\/a><\/div>\n<div class=\"rodzajfilmu\">Film dokumentalny<\/div>\n<div class=\"funkcja\">Re\u017cyseria<\/div>\n<\/li>\n<li>\n<div class=\"data\">1976<\/div>\n<div class=\"tytul\"><a href=\"http:\/\/www.filmpolski.pl\/fp\/index.php\/42567\">PLENER PRZEMYS\u0141OWY<\/a><\/div>\n<div class=\"rodzajfilmu\">Film dokumentalny<\/div>\n<div class=\"funkcja\">Scenariusz, Re\u017cyseria<\/div>\n<\/li>\n<li>\n<div class=\"data\">1977<\/div>\n<div class=\"tytul\"><a href=\"http:\/\/www.filmpolski.pl\/fp\/index.php\/524956\">W\u0118DR\u00d3WKI MISTRZA KO\u015aCIEJA<\/a><\/div>\n<div class=\"rodzajfilmu\">Spektakl telewizyjny<\/div>\n<div class=\"funkcja\">Re\u017cyseria, Przek\u0142ad<\/div>\n<\/li>\n<li>\n<div class=\"data\">1978<\/div>\n<div class=\"tytul\"><a href=\"http:\/\/www.filmpolski.pl\/fp\/index.php\/523790\">LIZYSTRATA<\/a><\/div>\n<div class=\"rodzajfilmu\">Spektakl telewizyjny<\/div>\n<div class=\"funkcja\">Adaptacja, Re\u017cyseria<\/div>\n<\/li>\n<li>\n<div class=\"data\">1978<\/div>\n<div class=\"tytul\"><a href=\"http:\/\/www.filmpolski.pl\/fp\/index.php\/424600\">JACHT<\/a><\/div>\n<div class=\"rodzajfilmu\">Film dokumentalny<\/div>\n<div class=\"funkcja\">Re\u017cyseria<\/div>\n<\/li>\n<li>\n<div class=\"data\">1978<\/div>\n<div class=\"tytul\"><a href=\"http:\/\/www.filmpolski.pl\/fp\/index.php\/4266\">CZ\u0141OWIEK Z LASK\u0104 CZYLI PORTRET CZ\u0141OWIEKA PRAKTYCZNEGO<\/a><\/div>\n<div class=\"rodzajfilmu\">Film dokumentalny<\/div>\n<div class=\"funkcja\">Re\u017cyseria (w napisach okre\u015blenie funkcji: Realizacja), Scenariusz<\/div>\n<\/li>\n<li>\n<div class=\"data\">1979<\/div>\n<div class=\"tytul\"><a href=\"http:\/\/www.filmpolski.pl\/fp\/index.php\/423074\">S\u0141ONECZKO JASNE ZZA CZARNYCH G\u00d3R<\/a><\/div>\n<div class=\"rodzajfilmu\">Film dokumentalny<\/div>\n<div class=\"funkcja\">Scenariusz, Re\u017cyseria, Komentarz<\/div>\n<\/li>\n<li>\n<div class=\"data\">1979<\/div>\n<div class=\"tytul\"><a href=\"http:\/\/www.filmpolski.pl\/fp\/index.php\/424493\">COCKTAIL<\/a><\/div>\n<div class=\"rodzajfilmu\">Film animowany<\/div>\n<div class=\"funkcja\">Projekty plastyczne<\/div>\n<\/li>\n<li>\n<div class=\"data\">1980<\/div>\n<div class=\"tytul\"><a href=\"http:\/\/www.filmpolski.pl\/fp\/index.php\/422034\">CZEKANIE<\/a><\/div>\n<div class=\"rodzajfilmu\">Film dokumentalny<\/div>\n<div class=\"funkcja\">Scenariusz, Re\u017cyseria<\/div>\n<\/li>\n<li>\n<div class=\"data\">1981<\/div>\n<div class=\"tytul\"><a href=\"http:\/\/www.filmpolski.pl\/fp\/index.php\/424070\">ODYSEUSZ<\/a><\/div>\n<div class=\"rodzajfilmu\">Film dokumentalny<\/div>\n<div class=\"funkcja\">Realizacja<\/div>\n<\/li>\n<li>\n<div class=\"data\">1984<\/div>\n<div class=\"tytul\"><a href=\"http:\/\/www.filmpolski.pl\/fp\/index.php\/424673\">KONRAD<\/a><\/div>\n<div class=\"rodzajfilmu\">Film dokumentalny<\/div>\n<div class=\"funkcja\">Re\u017cyseria<\/div>\n<\/li>\n<li>\n<div class=\"data\">1986<\/div>\n<div class=\"tytul\"><a href=\"http:\/\/www.filmpolski.pl\/fp\/index.php\/4216777\">POWEN &#8211; JU\u017b 130 LAT<\/a><\/div>\n<div class=\"rodzajfilmu\">Film dokumentalny<\/div>\n<div class=\"funkcja\">Scenariusz, Re\u017cyseria<\/div>\n<\/li>\n<li>\n<div class=\"data\">1987<\/div>\n<div class=\"tytul\">SIEDEM ZEGARK\u00d3W GUSTAWA ALBO EREMITA SKOCZOWSKI MORCINEK<\/div>\n<div class=\"rodzajfilmu\">Film dokumentalny<\/div>\n<div class=\"funkcja\">Scenariusz, Re\u017cyseria<\/div>\n<\/li>\n<li>\n<div class=\"data\">1989<\/div>\n<div class=\"tytul\"><a href=\"http:\/\/www.filmpolski.pl\/fp\/index.php\/4220443\">ULICA O KT\u00d3REJ TROCH\u0118 WIEM<\/a><\/div>\n<div class=\"rodzajfilmu\">Film dokumentalny<\/div>\n<div class=\"funkcja\">Scenariusz, Re\u017cyseria<\/div>\n<\/li>\n<li>1991<br \/>\nMA\u0141E I NIEZAUWA\u017bONE ODKRYCIE TROI<br \/>\nFilm dokumentalny<br \/>\nScenariusz, Re\u017cyseria<\/li>\n<\/ul>\n<\/div>\n<h2>Nagrody indywidualne<\/h2>\n<ul id=\"osoba_nagrody\">\n<li>\n<div class=\"data\">1987<br \/>\nSIEDEM ZEGARK\u00d3W GUSTAWA<br \/>\nI nagroda ZWSD &#8222;Epoka&#8221;<\/div>\n<\/li>\n<li>\n<div class=\"data\">1979<\/div>\n<div class=\"tytul\"><a href=\"http:\/\/www.filmpolski.pl\/fp\/index.php\/4266\">CZ\u0141OWIEK Z LASK\u0104 CZYLI PORTRET CZ\u0141OWIEKA PRAKTYCZNEGO<\/a><\/div>\n<div class=\"nagroda\">\u0141\u00f3d\u017a (FF Spo\u0142.-Polit.) Grand Prix<\/div>\n<\/li>\n<li>\n<div class=\"data\">1979<\/div>\n<div class=\"tytul\"><a href=\"http:\/\/www.filmpolski.pl\/fp\/index.php\/4266\">CZ\u0141OWIEK Z LASK\u0104 CZYLI PORTRET CZ\u0141OWIEKA PRAKTYCZNEGO<\/a><\/div>\n<div class=\"nagroda\">Krak\u00f3w (Krakowski Festiwal Filmowy &#8211; Konkurs Polski; do roku 2000 Og\u00f3lnopolski Festiwal Film\u00f3w Kr\u00f3tkometra\u017cowych) Dyplom Honorowy<\/div>\n<\/li>\n<li>\n<div class=\"data\">1974<\/div>\n<div class=\"tytul\"><a href=\"http:\/\/www.filmpolski.pl\/fp\/index.php\/422013\">JEDEN PLUS JEDEN<\/a><\/div>\n<div class=\"nagroda\">Tampere (Mi\u0119dzynarodowy Festiwal Film\u00f3w Kr\u00f3tkometra\u017cowych) Wyr\u00f3\u017cnienie<\/div>\n<\/li>\n<li>\n<div class=\"data\">1973<\/div>\n<div class=\"tytul\"><a href=\"http:\/\/www.filmpolski.pl\/fp\/index.php\/424482\">NOTATNIK 14-TY<\/a><\/div>\n<div class=\"nagroda\">Krak\u00f3w (Krakowski Festiwal Filmowy &#8211; Konkurs Polski; do roku 2000 Og\u00f3lnopolski Festiwal Film\u00f3w Kr\u00f3tkometra\u017cowych) Br\u0105zowy Lajkonik<\/div>\n<\/li>\n<li>\n<div class=\"data\">1971<\/div>\n<div class=\"tytul\"><a href=\"http:\/\/www.filmpolski.pl\/fp\/index.php\/423849\">TESTAMENT<\/a><\/div>\n<div class=\"nagroda\">Tours (MFF) Nagroda Jury<\/div>\n<\/li>\n<li>\n<div class=\"data\">1971<\/div>\n<div class=\"tytul\"><a href=\"http:\/\/www.filmpolski.pl\/fp\/index.php\/423308\">CZARNE &#8211; ZIELONE<\/a><\/div>\n<div class=\"nagroda\">Krak\u00f3w (Krakowski Festiwal Filmowy &#8211; Konkurs Polski; do roku 2000 Og\u00f3lnopolski Festiwal Film\u00f3w Kr\u00f3tkometra\u017cowych) Dyplom Honorowy<\/div>\n<\/li>\n<li>\n<div class=\"data\">1970<\/div>\n<div class=\"tytul\"><a href=\"http:\/\/www.filmpolski.pl\/fp\/index.php\/423849\">TESTAMENT<\/a><\/div>\n<div class=\"nagroda\">Krak\u00f3w (Og\u00f3lnopolski Festiwal Film\u00f3w Kr\u00f3tkometra\u017cowych) Nagroda Przewodnicz\u0105cego Komitetu ds. Radia i Telewizji &#8222;Srebrny Lajkonik&#8221; <em>dla najlepszego filmu telewizyjnego<\/em><\/div>\n<\/li>\n<\/ul>\n<p><a href=\"http:\/\/www.filmpolski.pl\/fp\/index.php?osoba=118943\" target=\"_blank\">Antoni Halor w bazie filmu Polskiego<\/a><\/p>\n<p><a href=\"http:\/\/halor.art.pl\/?cat=2\">RECENZJE FILM\u00d3W<\/a><\/p>\n<div id='gallery-1' class='gallery galleryid-49 gallery-columns-3 gallery-size-thumbnail'><figure class='gallery-item'>\n\t\t\t<div class='gallery-icon landscape'>\n\t\t\t\t<a href='https:\/\/halor.pl\/?attachment_id=81'><img loading=\"lazy\" decoding=\"async\" width=\"150\" height=\"150\" src=\"https:\/\/halor.pl\/wp-content\/uploads\/2015\/02\/8mm-150x150.jpg\" class=\"attachment-thumbnail size-thumbnail\" alt=\"\" \/><\/a>\n\t\t\t<\/div><\/figure><figure class='gallery-item'>\n\t\t\t<div class='gallery-icon landscape'>\n\t\t\t\t<a href='https:\/\/halor.pl\/?attachment_id=85'><img loading=\"lazy\" decoding=\"async\" width=\"150\" height=\"150\" src=\"https:\/\/halor.pl\/wp-content\/uploads\/2015\/02\/Asy_2-150x150.jpg\" class=\"attachment-thumbnail size-thumbnail\" alt=\"\" \/><\/a>\n\t\t\t<\/div><\/figure><figure class='gallery-item'>\n\t\t\t<div class='gallery-icon landscape'>\n\t\t\t\t<a href='https:\/\/halor.pl\/?attachment_id=89'><img loading=\"lazy\" decoding=\"async\" width=\"150\" height=\"150\" src=\"https:\/\/halor.pl\/wp-content\/uploads\/2015\/02\/filmwzgMars-150x150.jpg\" class=\"attachment-thumbnail size-thumbnail\" alt=\"\" \/><\/a>\n\t\t\t<\/div><\/figure><figure class='gallery-item'>\n\t\t\t<div class='gallery-icon landscape'>\n\t\t\t\t<a href='https:\/\/halor.pl\/?attachment_id=96'><img loading=\"lazy\" decoding=\"async\" width=\"150\" height=\"150\" src=\"https:\/\/halor.pl\/wp-content\/uploads\/2015\/02\/naplanieTestamentutragarze1-150x150.jpg\" class=\"attachment-thumbnail size-thumbnail\" alt=\"\" \/><\/a>\n\t\t\t<\/div><\/figure><figure class='gallery-item'>\n\t\t\t<div class='gallery-icon landscape'>\n\t\t\t\t<a href='https:\/\/halor.pl\/?attachment_id=83'><img loading=\"lazy\" decoding=\"async\" width=\"150\" height=\"150\" src=\"https:\/\/halor.pl\/wp-content\/uploads\/2015\/02\/Festiwal-150x150.jpg\" class=\"attachment-thumbnail size-thumbnail\" alt=\"\" \/><\/a>\n\t\t\t<\/div><\/figure><figure class='gallery-item'>\n\t\t\t<div class='gallery-icon landscape'>\n\t\t\t\t<a href='https:\/\/halor.pl\/?attachment_id=97'><img loading=\"lazy\" decoding=\"async\" width=\"150\" height=\"150\" src=\"https:\/\/halor.pl\/wp-content\/uploads\/2015\/02\/opis1-150x150.jpg\" class=\"attachment-thumbnail size-thumbnail\" alt=\"\" \/><\/a>\n\t\t\t<\/div><\/figure><figure class='gallery-item'>\n\t\t\t<div class='gallery-icon landscape'>\n\t\t\t\t<a href='https:\/\/halor.pl\/?attachment_id=86'><img loading=\"lazy\" decoding=\"async\" width=\"150\" height=\"150\" src=\"https:\/\/halor.pl\/wp-content\/uploads\/2015\/02\/AHprzedkamer\u0105-150x150.jpg\" class=\"attachment-thumbnail size-thumbnail\" alt=\"\" \/><\/a>\n\t\t\t<\/div><\/figure><figure class='gallery-item'>\n\t\t\t<div class='gallery-icon landscape'>\n\t\t\t\t<a href='https:\/\/halor.pl\/?attachment_id=95'><img loading=\"lazy\" decoding=\"async\" width=\"150\" height=\"150\" src=\"https:\/\/halor.pl\/wp-content\/uploads\/2015\/02\/naplaniepi\u0105tka-150x150.jpg\" class=\"attachment-thumbnail size-thumbnail\" alt=\"\" \/><\/a>\n\t\t\t<\/div><\/figure><figure class='gallery-item'>\n\t\t\t<div class='gallery-icon landscape'>\n\t\t\t\t<a href='https:\/\/halor.pl\/?attachment_id=92'><img loading=\"lazy\" decoding=\"async\" width=\"150\" height=\"150\" src=\"https:\/\/halor.pl\/wp-content\/uploads\/2015\/02\/filmzi\u0119tek2-150x150.jpg\" class=\"attachment-thumbnail size-thumbnail\" alt=\"\" \/><\/a>\n\t\t\t<\/div><\/figure><figure class='gallery-item'>\n\t\t\t<div class='gallery-icon portrait'>\n\t\t\t\t<a href='https:\/\/halor.pl\/?attachment_id=88'><img loading=\"lazy\" decoding=\"async\" width=\"150\" height=\"150\" src=\"https:\/\/halor.pl\/wp-content\/uploads\/2015\/02\/filmSiedem-zegark\u00f3w-fot-J.Mirski-150x150.jpg\" class=\"attachment-thumbnail size-thumbnail\" alt=\"\" \/><\/a>\n\t\t\t<\/div><\/figure><figure class='gallery-item'>\n\t\t\t<div class='gallery-icon landscape'>\n\t\t\t\t<a href='https:\/\/halor.pl\/?attachment_id=103'><img loading=\"lazy\" decoding=\"async\" width=\"150\" height=\"150\" src=\"https:\/\/halor.pl\/wp-content\/uploads\/2015\/02\/s\u0142onko-150x150.jpg\" class=\"attachment-thumbnail size-thumbnail\" alt=\"\" \/><\/a>\n\t\t\t<\/div><\/figure><figure class='gallery-item'>\n\t\t\t<div class='gallery-icon landscape'>\n\t\t\t\t<a href='https:\/\/halor.pl\/?attachment_id=106'><img loading=\"lazy\" decoding=\"async\" width=\"150\" height=\"150\" src=\"https:\/\/halor.pl\/wp-content\/uploads\/2015\/02\/ulica_o_kt\u00f3rej_troch\u0119_wiem-150x150.jpg\" class=\"attachment-thumbnail size-thumbnail\" alt=\"\" srcset=\"https:\/\/halor.pl\/wp-content\/uploads\/2015\/02\/ulica_o_kt\u00f3rej_troch\u0119_wiem-150x150.jpg 150w, https:\/\/halor.pl\/wp-content\/uploads\/2015\/02\/ulica_o_kt\u00f3rej_troch\u0119_wiem-300x297.jpg 300w, https:\/\/halor.pl\/wp-content\/uploads\/2015\/02\/ulica_o_kt\u00f3rej_troch\u0119_wiem.jpg 775w\" sizes=\"auto, (max-width: 150px) 100vw, 150px\" \/><\/a>\n\t\t\t<\/div><\/figure>\n\t\t<\/div>\n\n","protected":false},"excerpt":{"rendered":"<p>FILMOGRAFIA ANTONIEGO HALORA (wyb\u00f3r) 1966 KOWALSKI Etiuda szkolna Wsp\u00f3\u0142praca re\u017cyserska 1966 ASY Etiuda szkolna Wsp\u00f3\u0142praca re\u017cyserska 1967 ZDJ\u0118CIE \u015aLUBNE Etiuda szkolna Re\u017cyseria 1967 POCZ\u0104TEK EKSPERYMENTU Etiuda szkolna Re\u017cyseria 1967 MAESTRO Etiuda szkolna Obsada aktorska 1968 WZG\u00d3RZE MARSA ALBO POWR\u00d3T POWSTA\u0143CA \u015aL\u0104SKIEGO Etiuda szkolna Scenariusz, Re\u017cyseria 1968 PO\u017bEGNANIE KOLEJKI Etiuda szkolna Re\u017cyseria 1969 TESTAMENT Film dokumentalny &hellip; <a href=\"https:\/\/halor.pl\/?page_id=49\" class=\"more-link\">Czytaj dalej <span class=\"screen-reader-text\">FILMY<\/span> <span class=\"meta-nav\">&rarr;<\/span><\/a><\/p>\n","protected":false},"author":3,"featured_media":0,"parent":0,"menu_order":10,"comment_status":"closed","ping_status":"open","template":"","meta":{"ngg_post_thumbnail":0,"footnotes":""},"class_list":["post-49","page","type-page","status-publish","hentry"],"_links":{"self":[{"href":"https:\/\/halor.pl\/index.php?rest_route=\/wp\/v2\/pages\/49","targetHints":{"allow":["GET"]}}],"collection":[{"href":"https:\/\/halor.pl\/index.php?rest_route=\/wp\/v2\/pages"}],"about":[{"href":"https:\/\/halor.pl\/index.php?rest_route=\/wp\/v2\/types\/page"}],"author":[{"embeddable":true,"href":"https:\/\/halor.pl\/index.php?rest_route=\/wp\/v2\/users\/3"}],"replies":[{"embeddable":true,"href":"https:\/\/halor.pl\/index.php?rest_route=%2Fwp%2Fv2%2Fcomments&post=49"}],"version-history":[{"count":15,"href":"https:\/\/halor.pl\/index.php?rest_route=\/wp\/v2\/pages\/49\/revisions"}],"predecessor-version":[{"id":248,"href":"https:\/\/halor.pl\/index.php?rest_route=\/wp\/v2\/pages\/49\/revisions\/248"}],"wp:attachment":[{"href":"https:\/\/halor.pl\/index.php?rest_route=%2Fwp%2Fv2%2Fmedia&parent=49"}],"curies":[{"name":"wp","href":"https:\/\/api.w.org\/{rel}","templated":true}]}}