{"id":51,"date":"2015-01-12T19:08:02","date_gmt":"2015-01-12T18:08:02","guid":{"rendered":"http:\/\/halor.art.pl\/?page_id=51"},"modified":"2015-02-18T08:43:47","modified_gmt":"2015-02-18T07:43:47","slug":"telewizja","status":"publish","type":"page","link":"https:\/\/halor.pl\/?page_id=51","title":{"rendered":"MALARSTWO"},"content":{"rendered":"<p>,,Szeroki jest wachlarz zainteresowa\u0144 artystyczno-tw\u00f3rczych Antoniego Halora. Malarstwo, ilustracje, scenografia, film \u2013 to dziedziny sztuki, jakie uprawia ten artysta \u2013 absolwent Wydzia\u0142u Grafiki katowickiej filii ASP w Krakowie (1965 r.) oraz Wydzia\u0142u Re\u017cyserii Filmowej PWSTiF w \u0141odzi (1971 r.). A. Halor znany jest przede wszystkim jako filmowiec, autor takich obraz\u00f3w dokumentalnych jak: \u00bbCzarne-zielone\u00ab, \u00bbCzarne s\u0142o\u0144ce\u00ab, czy \u00bbS\u0142oneczko jasne zza czarnych g\u00f3r\u00ab. I kiedy zdawa\u0142o si\u0119, \u017ce Halora-plastyka przes\u0142oni\u0142 Halor-filmowiec, tw\u00f3rca ten da\u0142 zna\u0107 zn\u00f3w o sobie, jako artysta-malarz.\u00a0Du\u017ce wi\u0119c zaciekawienie wzbudzi\u0142a wystawa kilkunastu prac jego autorstwa, eksponowanych w Katowickim KMPiK-u. Tam te\u017c \u2013 po wernisa\u017cu \u2013 przeprowadzili\u015bmy z artyst\u0105 kr\u00f3tk\u0105 rozmow\u0119:<\/p>\n<p>\u2013 <em>Rzadko Pan wystawia. Czy jest to dzia\u0142anie celowe, czy mo\u017ce czym\u015b innym umotywowane?<\/em><\/p>\n<p>\u2013 Po studiach w ASP rozpocz\u0105\u0142em studia w \u0142\u00f3dzkiej szkole filmowej. Po dyplomie w tej\u017ce uczelni, realizacja film\u00f3w\u00a0poch\u0142ania\u0142a praktycznie ca\u0142y m\u00f3j czas. Tw\u00f3rczo\u015b\u0107 plastyczn\u0105 traktuj\u0119 jako bardzo osobist\u0105, intymn\u0105. Maluj\u0119 jedynie wtedy, kiedy odczuwam wewn\u0119trzn\u0105 potrzeb\u0119 wypowiedzenia si\u0119 p\u0119dzlem: wyra\u017cenia tego, czego materia filmowa nie jest w stanie obj\u0105\u0107.<\/p>\n<p>\u2013 <em>W pa\u0144skich obrazach dostrzega si\u0119 elementy \u00bb\u015bl\u0105sko\u015bci\u00ab, pewne figury archetypiczne, co ma zapewne pod\u0142o\u017ce g\u0142\u0119bsze i nie chodzi tu bynajmniej o efekt, o wywarcie li tylko artystycznego wyra\u017cenia.<\/em><\/p>\n<p>\u2013\u00a0 Istotnie, cho\u0107 wielu chcia\u0142oby mnie \u00bbzaszufladkowa\u0107\u00ab, uciekam przed tym jak mog\u0119. Ale ta ucieczka jest mo\u017cliwa tylko do pewnego stopnia. Malarstwo moje ma pod\u0142o\u017ce g\u0142\u0119bsze. Ukazuje w jakim\u015b stopniu, poprzez znak poetycki, symbol \u2013 m\u00f3j \u015bl\u0105ski rodow\u00f3d. Ka\u017cdy z nas odchodzi od dzieci\u0144stwa w stron\u0119 dojrza\u0142o\u015bci, a potem \u015bmierci. Ale zdradzi\u0107 do ko\u0144ca dzieci\u0144stwa si\u0119 nie da \u2013 bo wtedy ju\u017c jeste\u015bmy po drugiej stronie lustra. Tego nie mog\u0119 si\u0119 wyzby\u0107, tkwi w mojej pod\u015bwiadomo\u015bci, jest czym\u015b zakodowanym w psychice. W malarstwie jestem wierny sobie, swojej wizji \u015bwiata\u201d.<\/p>\n<p>Rozmawia\u0142: Krystian Prynda [\u201eWiecz\u00f3r\u201d, nr 273, 18 XII 1980]<\/p>\n<div id='gallery-1' class='gallery galleryid-51 gallery-columns-3 gallery-size-thumbnail'><figure class='gallery-item'>\n\t\t\t<div class='gallery-icon portrait'>\n\t\t\t\t<a href='https:\/\/halor.pl\/?attachment_id=197'><img loading=\"lazy\" decoding=\"async\" width=\"150\" height=\"150\" src=\"https:\/\/halor.pl\/wp-content\/uploads\/2015\/02\/DSC01851ANTONI-HALORG\u00d3RNIK-0X0-OLEJ-150x150.jpg\" class=\"attachment-thumbnail size-thumbnail\" alt=\"\" \/><\/a>\n\t\t\t<\/div><\/figure><figure class='gallery-item'>\n\t\t\t<div class='gallery-icon landscape'>\n\t\t\t\t<a href='https:\/\/halor.pl\/?attachment_id=200'><img loading=\"lazy\" decoding=\"async\" width=\"150\" height=\"150\" src=\"https:\/\/halor.pl\/wp-content\/uploads\/2015\/02\/t3-150x150.jpg\" class=\"attachment-thumbnail size-thumbnail\" alt=\"\" \/><\/a>\n\t\t\t<\/div><\/figure><figure class='gallery-item'>\n\t\t\t<div class='gallery-icon portrait'>\n\t\t\t\t<a href='https:\/\/halor.pl\/?attachment_id=194'><img loading=\"lazy\" decoding=\"async\" width=\"150\" height=\"150\" src=\"https:\/\/halor.pl\/wp-content\/uploads\/2015\/02\/DSC01848ANTONI-HALORJAN-PAWE\u0141-II-0X0-OLEJ-150x150.jpg\" class=\"attachment-thumbnail size-thumbnail\" alt=\"\" \/><\/a>\n\t\t\t<\/div><\/figure><figure class='gallery-item'>\n\t\t\t<div class='gallery-icon portrait'>\n\t\t\t\t<a href='https:\/\/halor.pl\/?attachment_id=186'><img loading=\"lazy\" decoding=\"async\" width=\"150\" height=\"150\" src=\"https:\/\/halor.pl\/wp-content\/uploads\/2015\/02\/DSC01838ANTONI-HALORCZAS-ROZSTRZELANY-0X0-150x150.jpg\" class=\"attachment-thumbnail size-thumbnail\" alt=\"\" \/><\/a>\n\t\t\t<\/div><\/figure><figure class='gallery-item'>\n\t\t\t<div class='gallery-icon portrait'>\n\t\t\t\t<a href='https:\/\/halor.pl\/?attachment_id=175'><img loading=\"lazy\" decoding=\"async\" width=\"150\" height=\"150\" src=\"https:\/\/halor.pl\/wp-content\/uploads\/2015\/02\/DSC01826ANTONI-HALORJOHN-LENNON-IN-MEMORIAM-1967-82-150x150.jpg\" class=\"attachment-thumbnail size-thumbnail\" alt=\"\" \/><\/a>\n\t\t\t<\/div><\/figure><figure class='gallery-item'>\n\t\t\t<div class='gallery-icon portrait'>\n\t\t\t\t<a href='https:\/\/halor.pl\/?attachment_id=174'><img loading=\"lazy\" decoding=\"async\" width=\"150\" height=\"150\" src=\"https:\/\/halor.pl\/wp-content\/uploads\/2015\/02\/DSC016611-150x150.jpg\" class=\"attachment-thumbnail size-thumbnail\" alt=\"\" \/><\/a>\n\t\t\t<\/div><\/figure><figure class='gallery-item'>\n\t\t\t<div class='gallery-icon landscape'>\n\t\t\t\t<a href='https:\/\/halor.pl\/?attachment_id=184'><img loading=\"lazy\" decoding=\"async\" width=\"150\" height=\"150\" src=\"https:\/\/halor.pl\/wp-content\/uploads\/2015\/02\/DSC01836ANTONI-HALORATLANTYK-IX-SZMARAGDOWY-600X400-OLEJ-150x150.jpg\" class=\"attachment-thumbnail size-thumbnail\" alt=\"\" \/><\/a>\n\t\t\t<\/div><\/figure><figure class='gallery-item'>\n\t\t\t<div class='gallery-icon landscape'>\n\t\t\t\t<a href='https:\/\/halor.pl\/?attachment_id=192'><img loading=\"lazy\" decoding=\"async\" width=\"150\" height=\"150\" src=\"https:\/\/halor.pl\/wp-content\/uploads\/2015\/02\/DSC01846ANTONI-HALORATLANTYK-Z-DU\u017bEGO-POKOJU-OLEJ-150x150.jpg\" class=\"attachment-thumbnail size-thumbnail\" alt=\"\" \/><\/a>\n\t\t\t<\/div><\/figure><figure class='gallery-item'>\n\t\t\t<div class='gallery-icon portrait'>\n\t\t\t\t<a href='https:\/\/halor.pl\/?attachment_id=189'><img loading=\"lazy\" decoding=\"async\" width=\"150\" height=\"150\" src=\"https:\/\/halor.pl\/wp-content\/uploads\/2015\/02\/DSC01842ANTONI-HALOROCEAN-W-MINIATURZE-II-200X200-OLEJ-150x150.jpg\" class=\"attachment-thumbnail size-thumbnail\" alt=\"\" srcset=\"https:\/\/halor.pl\/wp-content\/uploads\/2015\/02\/DSC01842ANTONI-HALOROCEAN-W-MINIATURZE-II-200X200-OLEJ-150x150.jpg 150w, https:\/\/halor.pl\/wp-content\/uploads\/2015\/02\/DSC01842ANTONI-HALOROCEAN-W-MINIATURZE-II-200X200-OLEJ-298x300.jpg 298w, https:\/\/halor.pl\/wp-content\/uploads\/2015\/02\/DSC01842ANTONI-HALOROCEAN-W-MINIATURZE-II-200X200-OLEJ.jpg 768w\" sizes=\"auto, (max-width: 150px) 100vw, 150px\" \/><\/a>\n\t\t\t<\/div><\/figure><figure class='gallery-item'>\n\t\t\t<div class='gallery-icon landscape'>\n\t\t\t\t<a href='https:\/\/halor.pl\/?attachment_id=182'><img loading=\"lazy\" decoding=\"async\" width=\"150\" height=\"150\" src=\"https:\/\/halor.pl\/wp-content\/uploads\/2015\/02\/DSC01834ANTONI-HALORPRAOCEAN-Z-PTAKIEM-0X0-OLEJ-150x150.jpg\" class=\"attachment-thumbnail size-thumbnail\" alt=\"\" \/><\/a>\n\t\t\t<\/div><\/figure><figure class='gallery-item'>\n\t\t\t<div class='gallery-icon landscape'>\n\t\t\t\t<a href='https:\/\/halor.pl\/?attachment_id=172'><img loading=\"lazy\" decoding=\"async\" width=\"150\" height=\"150\" src=\"https:\/\/halor.pl\/wp-content\/uploads\/2015\/02\/DSC01657_atlantykszmaragdowy1-150x150.jpg\" class=\"attachment-thumbnail size-thumbnail\" alt=\"\" \/><\/a>\n\t\t\t<\/div><\/figure><figure class='gallery-item'>\n\t\t\t<div class='gallery-icon landscape'>\n\t\t\t\t<a href='https:\/\/halor.pl\/?attachment_id=169'><img loading=\"lazy\" decoding=\"async\" width=\"150\" height=\"150\" src=\"https:\/\/halor.pl\/wp-content\/uploads\/2015\/02\/DSC01648_oceanwiking\u00f3w1-150x150.jpg\" class=\"attachment-thumbnail size-thumbnail\" alt=\"\" \/><\/a>\n\t\t\t<\/div><\/figure><figure class='gallery-item'>\n\t\t\t<div class='gallery-icon portrait'>\n\t\t\t\t<a href='https:\/\/halor.pl\/?attachment_id=160'><img loading=\"lazy\" decoding=\"async\" width=\"150\" height=\"150\" src=\"https:\/\/halor.pl\/wp-content\/uploads\/2015\/02\/tryptyk_slaski_1-150x150.jpg\" class=\"attachment-thumbnail size-thumbnail\" alt=\"\" \/><\/a>\n\t\t\t<\/div><\/figure><figure class='gallery-item'>\n\t\t\t<div class='gallery-icon landscape'>\n\t\t\t\t<a href='https:\/\/halor.pl\/?attachment_id=177'><img loading=\"lazy\" decoding=\"async\" width=\"150\" height=\"150\" src=\"https:\/\/halor.pl\/wp-content\/uploads\/2015\/02\/DSC01828ANTONI-HALORNEREIDA-olej-150x150.jpg\" class=\"attachment-thumbnail size-thumbnail\" alt=\"\" \/><\/a>\n\t\t\t<\/div><\/figure><figure class='gallery-item'>\n\t\t\t<div class='gallery-icon portrait'>\n\t\t\t\t<a href='https:\/\/halor.pl\/?attachment_id=187'><img loading=\"lazy\" decoding=\"async\" width=\"150\" height=\"150\" src=\"https:\/\/halor.pl\/wp-content\/uploads\/2015\/02\/DSC01839ANTONI-HALORPRZERA\u017bENIE-0X0-OLEJ-150x150.jpg\" class=\"attachment-thumbnail size-thumbnail\" alt=\"\" \/><\/a>\n\t\t\t<\/div><\/figure>\n\t\t<\/div>\n\n","protected":false},"excerpt":{"rendered":"<p>,,Szeroki jest wachlarz zainteresowa\u0144 artystyczno-tw\u00f3rczych Antoniego Halora. Malarstwo, ilustracje, scenografia, film \u2013 to dziedziny sztuki, jakie uprawia ten artysta \u2013 absolwent Wydzia\u0142u Grafiki katowickiej filii ASP w Krakowie (1965 r.) oraz Wydzia\u0142u Re\u017cyserii Filmowej PWSTiF w \u0141odzi (1971 r.). A. Halor znany jest przede wszystkim jako filmowiec, autor takich obraz\u00f3w dokumentalnych jak: \u00bbCzarne-zielone\u00ab, \u00bbCzarne s\u0142o\u0144ce\u00ab, &hellip; <a href=\"https:\/\/halor.pl\/?page_id=51\" class=\"more-link\">Czytaj dalej <span class=\"screen-reader-text\">MALARSTWO<\/span> <span class=\"meta-nav\">&rarr;<\/span><\/a><\/p>\n","protected":false},"author":3,"featured_media":0,"parent":0,"menu_order":30,"comment_status":"closed","ping_status":"open","template":"","meta":{"ngg_post_thumbnail":0,"footnotes":""},"class_list":["post-51","page","type-page","status-publish","hentry"],"_links":{"self":[{"href":"https:\/\/halor.pl\/index.php?rest_route=\/wp\/v2\/pages\/51","targetHints":{"allow":["GET"]}}],"collection":[{"href":"https:\/\/halor.pl\/index.php?rest_route=\/wp\/v2\/pages"}],"about":[{"href":"https:\/\/halor.pl\/index.php?rest_route=\/wp\/v2\/types\/page"}],"author":[{"embeddable":true,"href":"https:\/\/halor.pl\/index.php?rest_route=\/wp\/v2\/users\/3"}],"replies":[{"embeddable":true,"href":"https:\/\/halor.pl\/index.php?rest_route=%2Fwp%2Fv2%2Fcomments&post=51"}],"version-history":[{"count":10,"href":"https:\/\/halor.pl\/index.php?rest_route=\/wp\/v2\/pages\/51\/revisions"}],"predecessor-version":[{"id":212,"href":"https:\/\/halor.pl\/index.php?rest_route=\/wp\/v2\/pages\/51\/revisions\/212"}],"wp:attachment":[{"href":"https:\/\/halor.pl\/index.php?rest_route=%2Fwp%2Fv2%2Fmedia&parent=51"}],"curies":[{"name":"wp","href":"https:\/\/api.w.org\/{rel}","templated":true}]}}